{"id":174586,"date":"2025-12-20T12:40:03","date_gmt":"2025-12-20T09:40:03","guid":{"rendered":"https:\/\/baldumarket.lt\/product\/polka-wiszaca-nordi-p107-bialy-dab-riviera\/"},"modified":"2026-04-05T16:08:10","modified_gmt":"2026-04-05T13:08:10","slug":"polka-wiszaca-nordi-p107-bialy-dab-riviera","status":"publish","type":"product","link":"https:\/\/baldumarket.lt\/lt\/product\/polka-wiszaca-nordi-p107-bialy-dab-riviera\/","title":{"rendered":"Nordi P107 pakabinama lentyna, balta\/Riviera \u0105\u017euolas"},"content":{"rendered":"<p>Pakabinama lentyna \u201eNordi P107\u201c pagaminta i\u0161 \u012fbr\u0117\u017eimams atsparios laminuotos plok\u0161t\u0117s su \u201eRiviera Oak\u201c apdaila ir blizgios baltos spalvos MDF plok\u0161t\u0117s. Ji priklauso to paties pavadinimo bald\u0173 linijai. Ji puikiai papildys komod\u0105, televizoriaus staliuk\u0105, \u017eem\u0105 vitrin\u0105 arba sukurs atskir\u0105 i\u0161d\u0117stym\u0105. \u0160is baldas i\u0161naudoja tu\u0161\u010di\u0105 sienos erdv\u0119, gr\u0105\u017eindamas jai prakti\u0161kum\u0105 ir sukurdamas unikali\u0105 atmosfer\u0105 kambaryje. Lentyn\u0105 reikia minimalaus surinkimo. Ji taip pat tiekiama \u201eArtisan Oak\u201c \/ juodos spalvos.<\/p>","protected":false},"excerpt":{"rendered":"<p>Plotis: 107 cm<br \/>\nGylis: 19 cm<br \/>\nAuk\u0161tis: 17 cm<br \/>\nMaksimali apkrova: pagal surinkimo instrukcijas<br \/>\nBald\u0173 spalva: Artisan \u0105\u017euolas \/ juoda<\/p>","protected":false},"featured_media":174587,"comment_status":"open","ping_status":"open","template":"","meta":[],"product_brand":[],"product_cat":[9572,1174,9115,4635],"product_tag":[],"class_list":{"0":"post-174586","1":"product","2":"type-product","3":"status-publish","4":"has-post-thumbnail","6":"product_cat-furniture-system-nordi-piaski","7":"product_cat-hanging-shelves","8":"product_cat-nordi","9":"product_cat-piaski","11":"first","12":"instock","13":"purchasable","14":"product-type-simple"},"_links":{"self":[{"href":"https:\/\/baldumarket.lt\/lt\/wp-json\/wp\/v2\/product\/174586","targetHints":{"allow":["GET"]}}],"collection":[{"href":"https:\/\/baldumarket.lt\/lt\/wp-json\/wp\/v2\/product"}],"about":[{"href":"https:\/\/baldumarket.lt\/lt\/wp-json\/wp\/v2\/types\/product"}],"replies":[{"embeddable":true,"href":"https:\/\/baldumarket.lt\/lt\/wp-json\/wp\/v2\/comments?post=174586"}],"wp:featuredmedia":[{"embeddable":true,"href":"https:\/\/baldumarket.lt\/lt\/wp-json\/wp\/v2\/media\/174587"}],"wp:attachment":[{"href":"https:\/\/baldumarket.lt\/lt\/wp-json\/wp\/v2\/media?parent=174586"}],"wp:term":[{"taxonomy":"product_brand","embeddable":true,"href":"https:\/\/baldumarket.lt\/lt\/wp-json\/wp\/v2\/product_brand?post=174586"},{"taxonomy":"product_cat","embeddable":true,"href":"https:\/\/baldumarket.lt\/lt\/wp-json\/wp\/v2\/product_cat?post=174586"},{"taxonomy":"product_tag","embeddable":true,"href":"https:\/\/baldumarket.lt\/lt\/wp-json\/wp\/v2\/product_tag?post=174586"}],"curies":[{"name":"wp","href":"https:\/\/api.w.org\/{rel}","templated":true}]}}