{"id":174583,"date":"2025-12-20T12:40:00","date_gmt":"2025-12-20T09:40:00","guid":{"rendered":"https:\/\/baldumarket.lt\/product\/komoda-kontenerek-do-szafy-szuflady-grafit\/"},"modified":"2026-02-03T23:28:37","modified_gmt":"2026-02-03T20:28:37","slug":"komoda-kontenerek-do-szafy-szuflady-grafit","status":"publish","type":"product","link":"https:\/\/baldumarket.lt\/lt\/product\/komoda-kontenerek-do-szafy-szuflady-grafit\/","title":{"rendered":"Komoda, drabu\u017ein\u0117s d\u0117\u017e\u0117, stal\u010diai, grafitas"},"content":{"rendered":"<p>\u0160is modernus, universalus daiktad\u0117\u017e\u0117s blokas, puikiai tinkantis spintai ar ra\u0161omajam stalui, turi tris erdvius ir labai prakti\u0161kus stal\u010dius. Blokas pagamintas i\u0161 laminuotos plok\u0161t\u0117s su matinio grafito apdaila. Blokas yra labai atsparus \u012fbr\u0117\u017eimams ir lengvai valomas. Blokas pristatomas supakuotas, kartu su ai\u0161kiomis surinkimo instrukcijomis ir tvirtinimo detal\u0117mis.<\/p>","protected":false},"excerpt":{"rendered":"<p>Plotis: 50 cm<br \/>\nGylis: 46 cm<br \/>\nAuk\u0161tis: 53 cm<br \/>\nBald\u0173 spalva: Grafito<\/p>","protected":false},"featured_media":174584,"comment_status":"open","ping_status":"open","template":"","meta":[],"product_brand":[],"product_cat":[1173,4635],"product_tag":[],"class_list":{"0":"post-174583","1":"product","2":"type-product","3":"status-publish","4":"has-post-thumbnail","6":"product_cat-chests-of-drawers","7":"product_cat-piaski","9":"first","10":"instock","11":"purchasable","12":"product-type-simple"},"_links":{"self":[{"href":"https:\/\/baldumarket.lt\/lt\/wp-json\/wp\/v2\/product\/174583","targetHints":{"allow":["GET"]}}],"collection":[{"href":"https:\/\/baldumarket.lt\/lt\/wp-json\/wp\/v2\/product"}],"about":[{"href":"https:\/\/baldumarket.lt\/lt\/wp-json\/wp\/v2\/types\/product"}],"replies":[{"embeddable":true,"href":"https:\/\/baldumarket.lt\/lt\/wp-json\/wp\/v2\/comments?post=174583"}],"wp:featuredmedia":[{"embeddable":true,"href":"https:\/\/baldumarket.lt\/lt\/wp-json\/wp\/v2\/media\/174584"}],"wp:attachment":[{"href":"https:\/\/baldumarket.lt\/lt\/wp-json\/wp\/v2\/media?parent=174583"}],"wp:term":[{"taxonomy":"product_brand","embeddable":true,"href":"https:\/\/baldumarket.lt\/lt\/wp-json\/wp\/v2\/product_brand?post=174583"},{"taxonomy":"product_cat","embeddable":true,"href":"https:\/\/baldumarket.lt\/lt\/wp-json\/wp\/v2\/product_cat?post=174583"},{"taxonomy":"product_tag","embeddable":true,"href":"https:\/\/baldumarket.lt\/lt\/wp-json\/wp\/v2\/product_tag?post=174583"}],"curies":[{"name":"wp","href":"https:\/\/api.w.org\/{rel}","templated":true}]}}