{"id":174580,"date":"2025-12-20T12:39:56","date_gmt":"2025-12-20T09:39:56","guid":{"rendered":"https:\/\/baldumarket.lt\/product\/komoda-kontenerek-do-szafy-szuflady-biala\/"},"modified":"2026-02-03T23:28:37","modified_gmt":"2026-02-03T20:28:37","slug":"komoda-kontenerek-do-szafy-szuflady-biala","status":"publish","type":"product","link":"https:\/\/baldumarket.lt\/lt\/product\/komoda-kontenerek-do-szafy-szuflady-biala\/","title":{"rendered":"Komoda, spintos d\u0117\u017e\u0117, stal\u010diai, balta"},"content":{"rendered":"<p>\u0160i spintel\u0117, skirta drabu\u017einei ar ra\u0161omajam stalui, turi tris erdvius stal\u010dius ir yra pagaminta i\u0161 matin\u0117s baltos laminuotos bald\u0173 plok\u0161t\u0117s. Ji pasi\u017eymi padidintu atsparumu \u012fbr\u0117\u017eimams. Spintel\u0117 pristatoma plok\u0161\u010diai supakuota ir pateikiamos ai\u0161kios surinkimo instrukcijos.<\/p>","protected":false},"excerpt":{"rendered":"<p>Plotis: 50 cm<br \/>\nGylis: 46 cm<br \/>\nAuk\u0161tis: 53 cm<br \/>\nBald\u0173 spalva: balta<\/p>","protected":false},"featured_media":174581,"comment_status":"open","ping_status":"open","template":"","meta":[],"product_brand":[],"product_cat":[1173,4635],"product_tag":[],"class_list":{"0":"post-174580","1":"product","2":"type-product","3":"status-publish","4":"has-post-thumbnail","6":"product_cat-chests-of-drawers","7":"product_cat-piaski","9":"first","10":"instock","11":"purchasable","12":"product-type-simple"},"_links":{"self":[{"href":"https:\/\/baldumarket.lt\/lt\/wp-json\/wp\/v2\/product\/174580","targetHints":{"allow":["GET"]}}],"collection":[{"href":"https:\/\/baldumarket.lt\/lt\/wp-json\/wp\/v2\/product"}],"about":[{"href":"https:\/\/baldumarket.lt\/lt\/wp-json\/wp\/v2\/types\/product"}],"replies":[{"embeddable":true,"href":"https:\/\/baldumarket.lt\/lt\/wp-json\/wp\/v2\/comments?post=174580"}],"wp:featuredmedia":[{"embeddable":true,"href":"https:\/\/baldumarket.lt\/lt\/wp-json\/wp\/v2\/media\/174581"}],"wp:attachment":[{"href":"https:\/\/baldumarket.lt\/lt\/wp-json\/wp\/v2\/media?parent=174580"}],"wp:term":[{"taxonomy":"product_brand","embeddable":true,"href":"https:\/\/baldumarket.lt\/lt\/wp-json\/wp\/v2\/product_brand?post=174580"},{"taxonomy":"product_cat","embeddable":true,"href":"https:\/\/baldumarket.lt\/lt\/wp-json\/wp\/v2\/product_cat?post=174580"},{"taxonomy":"product_tag","embeddable":true,"href":"https:\/\/baldumarket.lt\/lt\/wp-json\/wp\/v2\/product_tag?post=174580"}],"curies":[{"name":"wp","href":"https:\/\/api.w.org\/{rel}","templated":true}]}}