{"id":174572,"date":"2025-12-20T12:39:47","date_gmt":"2025-12-20T09:39:47","guid":{"rendered":"https:\/\/baldumarket.lt\/product\/komoda-zova-ksz-168-2-drzwi-3-szuflady-czarna\/"},"modified":"2026-02-12T10:42:02","modified_gmt":"2026-02-12T07:42:02","slug":"komoda-zova-ksz-168-2-drzwi-3-szuflady-czarna","status":"publish","type":"product","link":"https:\/\/baldumarket.lt\/lt\/product\/komoda-zova-ksz-168-2-drzwi-3-szuflady-czarna\/","title":{"rendered":"Zova KSZ-168 komoda, 2 durys, 3 stal\u010diai, juoda"},"content":{"rendered":"<p>Juoda komoda KSZ-168 \u2013 tai modernus baldas, kuriame eleganti\u0161kas dizainas dera su dideliu funkcionalumu. D\u0117l gerai apgalvotos konstrukcijos ir kruop\u0161taus darbo tai puikus pasirinkimas \u012fvairiems kambariams \u2013 nuo svetain\u0117s iki prie\u0161kambario ir miegamojo. Priekin\u0117s dalys pagamintos i\u0161 patvarios MDF plok\u0161t\u0117s ir turi ry\u0161kius griovelius, suteikian\u010dius komodai unikal\u0173 charakter\u012f. Korpusas pagamintas i\u0161 \u012fbr\u0117\u017eimams atsparios laminuotos plok\u0161t\u0117s, u\u017etikrinan\u010dios patvarum\u0105 ir atsparum\u0105 kasdienio naudojimo s\u0105lygoms.<\/p>","protected":false},"excerpt":{"rendered":"<p>Plotis: 168 cm<br \/>\nGylis: 39 cm<br \/>\nAuk\u0161tis: 87 cm<br \/>\nBald\u0173 spalva: juoda<\/p>","protected":false},"featured_media":174573,"comment_status":"open","ping_status":"open","template":"","meta":[],"product_brand":[],"product_cat":[9553,1173,4635],"product_tag":[],"class_list":{"0":"post-174572","1":"product","2":"type-product","3":"status-publish","4":"has-post-thumbnail","6":"product_cat-furniture-system-zova-piaski","7":"product_cat-chests-of-drawers","8":"product_cat-piaski","10":"first","11":"instock","12":"purchasable","13":"product-type-simple"},"_links":{"self":[{"href":"https:\/\/baldumarket.lt\/lt\/wp-json\/wp\/v2\/product\/174572","targetHints":{"allow":["GET"]}}],"collection":[{"href":"https:\/\/baldumarket.lt\/lt\/wp-json\/wp\/v2\/product"}],"about":[{"href":"https:\/\/baldumarket.lt\/lt\/wp-json\/wp\/v2\/types\/product"}],"replies":[{"embeddable":true,"href":"https:\/\/baldumarket.lt\/lt\/wp-json\/wp\/v2\/comments?post=174572"}],"wp:featuredmedia":[{"embeddable":true,"href":"https:\/\/baldumarket.lt\/lt\/wp-json\/wp\/v2\/media\/174573"}],"wp:attachment":[{"href":"https:\/\/baldumarket.lt\/lt\/wp-json\/wp\/v2\/media?parent=174572"}],"wp:term":[{"taxonomy":"product_brand","embeddable":true,"href":"https:\/\/baldumarket.lt\/lt\/wp-json\/wp\/v2\/product_brand?post=174572"},{"taxonomy":"product_cat","embeddable":true,"href":"https:\/\/baldumarket.lt\/lt\/wp-json\/wp\/v2\/product_cat?post=174572"},{"taxonomy":"product_tag","embeddable":true,"href":"https:\/\/baldumarket.lt\/lt\/wp-json\/wp\/v2\/product_tag?post=174572"}],"curies":[{"name":"wp","href":"https:\/\/api.w.org\/{rel}","templated":true}]}}