{"id":174557,"date":"2025-12-20T12:39:29","date_gmt":"2025-12-20T09:39:29","guid":{"rendered":"https:\/\/baldumarket.lt\/product\/komoda-zova-ksz-168-2-drzwi-3-szuflady-biala\/"},"modified":"2026-02-12T10:42:02","modified_gmt":"2026-02-12T07:42:02","slug":"komoda-zova-ksz-168-2-drzwi-3-szuflady-biala","status":"publish","type":"product","link":"https:\/\/baldumarket.lt\/lt\/product\/komoda-zova-ksz-168-2-drzwi-3-szuflady-biala\/","title":{"rendered":"Zova KSZ-168 komoda, 2 durys, 3 stal\u010diai, balta"},"content":{"rendered":"<p>Balta komoda KSZ-168 derina modern\u0173 dizain\u0105 su prakti\u0161kumu, \u017eav\u0117dama tiek savo i\u0161vaizda, tiek kokybi\u0161ku meistri\u0161kumu. \u0160is unikalus baldas buvo sukurtas galvojant apie i\u0161rankiausius vartotojus, kurie vertina tiek estetik\u0105, tiek funkcionalum\u0105. I\u0161skirtinis komplekto bruo\u017eas \u2013 subtiliai i\u0161lenktos \u0161onin\u0117s pus\u0117s, suteikian\u010dios baldui modern\u0173, ta\u010diau subtil\u0173 vaizd\u0105. Komoda turi frezuotas ranken\u0117les \u2013 eleganti\u0161k\u0105 alternatyv\u0105 klasikin\u0117ms ranken\u0117l\u0117ms ar dur\u0173 ranken\u0117l\u0117ms.<\/p>","protected":false},"excerpt":{"rendered":"<p>Plotis: 168 cm<br \/>\nGylis: 39 cm<br \/>\nAuk\u0161tis: 87 cm<br \/>\nBald\u0173 spalva: balta<\/p>","protected":false},"featured_media":174558,"comment_status":"open","ping_status":"open","template":"","meta":[],"product_brand":[],"product_cat":[9553,1173,4635],"product_tag":[],"class_list":{"0":"post-174557","1":"product","2":"type-product","3":"status-publish","4":"has-post-thumbnail","6":"product_cat-furniture-system-zova-piaski","7":"product_cat-chests-of-drawers","8":"product_cat-piaski","10":"first","11":"instock","12":"purchasable","13":"product-type-simple"},"_links":{"self":[{"href":"https:\/\/baldumarket.lt\/lt\/wp-json\/wp\/v2\/product\/174557","targetHints":{"allow":["GET"]}}],"collection":[{"href":"https:\/\/baldumarket.lt\/lt\/wp-json\/wp\/v2\/product"}],"about":[{"href":"https:\/\/baldumarket.lt\/lt\/wp-json\/wp\/v2\/types\/product"}],"replies":[{"embeddable":true,"href":"https:\/\/baldumarket.lt\/lt\/wp-json\/wp\/v2\/comments?post=174557"}],"wp:featuredmedia":[{"embeddable":true,"href":"https:\/\/baldumarket.lt\/lt\/wp-json\/wp\/v2\/media\/174558"}],"wp:attachment":[{"href":"https:\/\/baldumarket.lt\/lt\/wp-json\/wp\/v2\/media?parent=174557"}],"wp:term":[{"taxonomy":"product_brand","embeddable":true,"href":"https:\/\/baldumarket.lt\/lt\/wp-json\/wp\/v2\/product_brand?post=174557"},{"taxonomy":"product_cat","embeddable":true,"href":"https:\/\/baldumarket.lt\/lt\/wp-json\/wp\/v2\/product_cat?post=174557"},{"taxonomy":"product_tag","embeddable":true,"href":"https:\/\/baldumarket.lt\/lt\/wp-json\/wp\/v2\/product_tag?post=174557"}],"curies":[{"name":"wp","href":"https:\/\/api.w.org\/{rel}","templated":true}]}}