{"id":174543,"date":"2025-12-20T12:39:13","date_gmt":"2025-12-20T09:39:13","guid":{"rendered":"https:\/\/baldumarket.lt\/product\/komoda-wysoka-zova-k-103-2-drzwi-cashmere\/"},"modified":"2026-02-12T10:42:11","modified_gmt":"2026-02-12T07:42:11","slug":"komoda-wysoka-zova-k-103-2-drzwi-cashmere","status":"publish","type":"product","link":"https:\/\/baldumarket.lt\/lt\/product\/komoda-wysoka-zova-k-103-2-drzwi-cashmere\/","title":{"rendered":"Zova K-103 auk\u0161ta komoda, 2 durys, ka\u0161myro spalvos"},"content":{"rendered":"<p>Sm\u0117lio spalvos auk\u0161ta komoda \u201eZova K-103\u201c \u2013 puikus pasirinkimas ie\u0161kantiems stiling\u0173 ir funkcionali\u0173 bald\u0173. Pagaminta i\u0161 auk\u0161tos kokyb\u0117s med\u017eiag\u0173, spintel\u0117 garantuoja ilgamet\u012f nuolatin\u012f naudojim\u0105.<\/p>","protected":false},"excerpt":{"rendered":"<p>Plotis: 103 cm<br \/>\nGylis: 39 cm<br \/>\n\u016agis: 129 cm<br \/>\nBald\u0173 spalva: Ka\u0161myras<\/p>","protected":false},"featured_media":174544,"comment_status":"open","ping_status":"open","template":"","meta":[],"product_brand":[],"product_cat":[9553,1173,4635],"product_tag":[],"class_list":{"0":"post-174543","1":"product","2":"type-product","3":"status-publish","4":"has-post-thumbnail","6":"product_cat-furniture-system-zova-piaski","7":"product_cat-chests-of-drawers","8":"product_cat-piaski","10":"first","11":"instock","12":"purchasable","13":"product-type-simple"},"_links":{"self":[{"href":"https:\/\/baldumarket.lt\/lt\/wp-json\/wp\/v2\/product\/174543","targetHints":{"allow":["GET"]}}],"collection":[{"href":"https:\/\/baldumarket.lt\/lt\/wp-json\/wp\/v2\/product"}],"about":[{"href":"https:\/\/baldumarket.lt\/lt\/wp-json\/wp\/v2\/types\/product"}],"replies":[{"embeddable":true,"href":"https:\/\/baldumarket.lt\/lt\/wp-json\/wp\/v2\/comments?post=174543"}],"wp:featuredmedia":[{"embeddable":true,"href":"https:\/\/baldumarket.lt\/lt\/wp-json\/wp\/v2\/media\/174544"}],"wp:attachment":[{"href":"https:\/\/baldumarket.lt\/lt\/wp-json\/wp\/v2\/media?parent=174543"}],"wp:term":[{"taxonomy":"product_brand","embeddable":true,"href":"https:\/\/baldumarket.lt\/lt\/wp-json\/wp\/v2\/product_brand?post=174543"},{"taxonomy":"product_cat","embeddable":true,"href":"https:\/\/baldumarket.lt\/lt\/wp-json\/wp\/v2\/product_cat?post=174543"},{"taxonomy":"product_tag","embeddable":true,"href":"https:\/\/baldumarket.lt\/lt\/wp-json\/wp\/v2\/product_tag?post=174543"}],"curies":[{"name":"wp","href":"https:\/\/api.w.org\/{rel}","templated":true}]}}