{"id":174536,"date":"2025-12-20T12:39:05","date_gmt":"2025-12-20T09:39:05","guid":{"rendered":"https:\/\/baldumarket.lt\/product\/komoda-wysoka-zova-k-103-2-drzwi-biala\/"},"modified":"2026-02-12T10:42:11","modified_gmt":"2026-02-12T07:42:11","slug":"komoda-wysoka-zova-k-103-2-drzwi-biala","status":"publish","type":"product","link":"https:\/\/baldumarket.lt\/lt\/product\/komoda-wysoka-zova-k-103-2-drzwi-biala\/","title":{"rendered":"Zova K-103 auk\u0161ta komoda, 2 durel\u0117s, balta"},"content":{"rendered":"<p>Auk\u0161ta baltos spalvos komoda \u201eZova K-103\u201c \u2013 puikus pasirinkimas ie\u0161kantiems stilingo ir funkcionalaus baldo savo interjerui. Pagaminta i\u0161 auk\u0161tos kokyb\u0117s med\u017eiag\u0173, \u0161i komoda ne tik patenkins j\u016bs\u0173 daikt\u0173 laikymo poreikius, bet ir suteiks elegancijos bet kuriam kambariui.<\/p>","protected":false},"excerpt":{"rendered":"<p>Plotis: 103 cm<br \/>\nGylis: 39 cm<br \/>\n\u016agis: 129 cm<br \/>\nBald\u0173 spalva: balta<\/p>","protected":false},"featured_media":174537,"comment_status":"open","ping_status":"open","template":"","meta":[],"product_brand":[],"product_cat":[9553,1173,4635],"product_tag":[],"class_list":{"0":"post-174536","1":"product","2":"type-product","3":"status-publish","4":"has-post-thumbnail","6":"product_cat-furniture-system-zova-piaski","7":"product_cat-chests-of-drawers","8":"product_cat-piaski","10":"first","11":"instock","12":"purchasable","13":"product-type-simple"},"_links":{"self":[{"href":"https:\/\/baldumarket.lt\/lt\/wp-json\/wp\/v2\/product\/174536","targetHints":{"allow":["GET"]}}],"collection":[{"href":"https:\/\/baldumarket.lt\/lt\/wp-json\/wp\/v2\/product"}],"about":[{"href":"https:\/\/baldumarket.lt\/lt\/wp-json\/wp\/v2\/types\/product"}],"replies":[{"embeddable":true,"href":"https:\/\/baldumarket.lt\/lt\/wp-json\/wp\/v2\/comments?post=174536"}],"wp:featuredmedia":[{"embeddable":true,"href":"https:\/\/baldumarket.lt\/lt\/wp-json\/wp\/v2\/media\/174537"}],"wp:attachment":[{"href":"https:\/\/baldumarket.lt\/lt\/wp-json\/wp\/v2\/media?parent=174536"}],"wp:term":[{"taxonomy":"product_brand","embeddable":true,"href":"https:\/\/baldumarket.lt\/lt\/wp-json\/wp\/v2\/product_brand?post=174536"},{"taxonomy":"product_cat","embeddable":true,"href":"https:\/\/baldumarket.lt\/lt\/wp-json\/wp\/v2\/product_cat?post=174536"},{"taxonomy":"product_tag","embeddable":true,"href":"https:\/\/baldumarket.lt\/lt\/wp-json\/wp\/v2\/product_tag?post=174536"}],"curies":[{"name":"wp","href":"https:\/\/api.w.org\/{rel}","templated":true}]}}