{"id":174528,"date":"2025-12-20T12:38:56","date_gmt":"2025-12-20T09:38:56","guid":{"rendered":"https:\/\/baldumarket.lt\/product\/komoda-wysoka-willow-kd104-dwudrzwiowa-dab-artisan-czarny\/"},"modified":"2026-04-05T02:17:24","modified_gmt":"2026-04-04T23:17:24","slug":"komoda-wysoka-willow-kd104-dwudrzwiowa-dab-artisan-czarny","status":"publish","type":"product","link":"https:\/\/baldumarket.lt\/lt\/product\/komoda-wysoka-willow-kd104-dwudrzwiowa-dab-artisan-czarny\/","title":{"rendered":"Willow KD104 auk\u0161ta komoda su stal\u010diais, dviej\u0173 dur\u0173, \u201eArtisan Oak\u201c \/ juoda"},"content":{"rendered":"<p>Auk\u0161ta komoda \u201eWillow KD104\u201c patraukia d\u0117mes\u012f tiek savo stiliumi, tiek madingu spalv\u0173 deriniu. Spintel\u0117 turi dvejas varstomas duris, u\u017e kuri\u0173 erdv\u0119 dalija horizontalios lentynos. B\u016bdingos savyb\u0117s: auk\u0161tos kojel\u0117s (20 cm) ir horizontaliai grioveliais i\u0161rai\u017eytas MDF fasadas, apdailintas \u201eArtisan Oak\u201c \u0105\u017euolu. Komplekto korpusas ir juodas fasadas pagaminti i\u0161 \u012fbr\u0117\u017eimams atsparios laminuotos plok\u0161t\u0117s. Komoda priklauso \u201eWillow KD104\u201c kolekcijai ir pristatoma plok\u0161\u010diai supakuota.<\/p>","protected":false},"excerpt":{"rendered":"<p>Plotis: 104 cm<br \/>\nGylis: 39 cm<br \/>\nAuk\u0161tis: 125 cm<br \/>\nBald\u0173 spalva: Artisan \u0105\u017euolas \/ juoda<\/p>","protected":false},"featured_media":174529,"comment_status":"open","ping_status":"open","template":"","meta":[],"product_brand":[],"product_cat":[9556,1173,4635],"product_tag":[],"class_list":{"0":"post-174528","1":"product","2":"type-product","3":"status-publish","4":"has-post-thumbnail","6":"product_cat-furniture-system-willow-piaski","7":"product_cat-chests-of-drawers","8":"product_cat-piaski","10":"first","11":"instock","12":"purchasable","13":"product-type-simple"},"_links":{"self":[{"href":"https:\/\/baldumarket.lt\/lt\/wp-json\/wp\/v2\/product\/174528","targetHints":{"allow":["GET"]}}],"collection":[{"href":"https:\/\/baldumarket.lt\/lt\/wp-json\/wp\/v2\/product"}],"about":[{"href":"https:\/\/baldumarket.lt\/lt\/wp-json\/wp\/v2\/types\/product"}],"replies":[{"embeddable":true,"href":"https:\/\/baldumarket.lt\/lt\/wp-json\/wp\/v2\/comments?post=174528"}],"wp:featuredmedia":[{"embeddable":true,"href":"https:\/\/baldumarket.lt\/lt\/wp-json\/wp\/v2\/media\/174529"}],"wp:attachment":[{"href":"https:\/\/baldumarket.lt\/lt\/wp-json\/wp\/v2\/media?parent=174528"}],"wp:term":[{"taxonomy":"product_brand","embeddable":true,"href":"https:\/\/baldumarket.lt\/lt\/wp-json\/wp\/v2\/product_brand?post=174528"},{"taxonomy":"product_cat","embeddable":true,"href":"https:\/\/baldumarket.lt\/lt\/wp-json\/wp\/v2\/product_cat?post=174528"},{"taxonomy":"product_tag","embeddable":true,"href":"https:\/\/baldumarket.lt\/lt\/wp-json\/wp\/v2\/product_tag?post=174528"}],"curies":[{"name":"wp","href":"https:\/\/api.w.org\/{rel}","templated":true}]}}