{"id":174512,"date":"2025-12-20T12:38:36","date_gmt":"2025-12-20T09:38:36","guid":{"rendered":"https:\/\/baldumarket.lt\/product\/komoda-wysoka-royal-kw-104-dwudrzwiowa-bialy-zloty\/"},"modified":"2026-04-05T15:16:18","modified_gmt":"2026-04-05T12:16:18","slug":"komoda-wysoka-royal-kw-104-dwudrzwiowa-bialy-zloty","status":"publish","type":"product","link":"https:\/\/baldumarket.lt\/lt\/product\/komoda-wysoka-royal-kw-104-dwudrzwiowa-bialy-zloty\/","title":{"rendered":"ROYAL  KW-104 auk\u0161ta komoda su stal\u010diais, dviej\u0173 dur\u0173, balta\/auksin\u0117"},"content":{"rendered":"<p>Auk\u0161ta \u201eRoyal KW 104\u201c balta\/auksin\u0117 komoda puikiai tiks tiek moderniame, tiek prabangiame ar klasikinio stiliaus svetain\u0117s interjere. Komplekto eleganti\u0161k\u0105 charakter\u012f pabr\u0117\u017eia vertikaliai grioveliais i\u0161 patvarios MDF plok\u0161t\u0117s pagaminti fasadai ir auksin\u0117s ranken\u0117l\u0117s. Visas baldas stovi ant tvirto cokolio, u\u017etikrinan\u010dio tvirt\u0105 atram\u0105. Komodos viduje yra trys supakuoti skyriai, atskirti vertikalia pertvara. Baldas yra \u012fvairi\u0173 spalv\u0173 ir pristatomas supakuotas.<\/p>","protected":false},"excerpt":{"rendered":"<p>Plotis: 104 cm<br \/>\nGylis: 39 cm<br \/>\n\u016agis: 127 cm<br \/>\nBald\u0173 spalva: balta\/auksin\u0117<\/p>","protected":false},"featured_media":174513,"comment_status":"open","ping_status":"open","template":"","meta":[],"product_brand":[],"product_cat":[9563,1173,4635],"product_tag":[],"class_list":{"0":"post-174512","1":"product","2":"type-product","3":"status-publish","4":"has-post-thumbnail","6":"product_cat-furniture-system-royal-piaski","7":"product_cat-chests-of-drawers","8":"product_cat-piaski","10":"first","11":"instock","12":"purchasable","13":"product-type-simple"},"_links":{"self":[{"href":"https:\/\/baldumarket.lt\/lt\/wp-json\/wp\/v2\/product\/174512","targetHints":{"allow":["GET"]}}],"collection":[{"href":"https:\/\/baldumarket.lt\/lt\/wp-json\/wp\/v2\/product"}],"about":[{"href":"https:\/\/baldumarket.lt\/lt\/wp-json\/wp\/v2\/types\/product"}],"replies":[{"embeddable":true,"href":"https:\/\/baldumarket.lt\/lt\/wp-json\/wp\/v2\/comments?post=174512"}],"wp:featuredmedia":[{"embeddable":true,"href":"https:\/\/baldumarket.lt\/lt\/wp-json\/wp\/v2\/media\/174513"}],"wp:attachment":[{"href":"https:\/\/baldumarket.lt\/lt\/wp-json\/wp\/v2\/media?parent=174512"}],"wp:term":[{"taxonomy":"product_brand","embeddable":true,"href":"https:\/\/baldumarket.lt\/lt\/wp-json\/wp\/v2\/product_brand?post=174512"},{"taxonomy":"product_cat","embeddable":true,"href":"https:\/\/baldumarket.lt\/lt\/wp-json\/wp\/v2\/product_cat?post=174512"},{"taxonomy":"product_tag","embeddable":true,"href":"https:\/\/baldumarket.lt\/lt\/wp-json\/wp\/v2\/product_tag?post=174512"}],"curies":[{"name":"wp","href":"https:\/\/api.w.org\/{rel}","templated":true}]}}