{"id":174489,"date":"2025-12-20T12:38:10","date_gmt":"2025-12-20T09:38:10","guid":{"rendered":"https:\/\/baldumarket.lt\/product\/komoda-wysoka-mono-mk104-drzwi-granatowa-czarna-rama\/"},"modified":"2026-04-05T15:33:26","modified_gmt":"2026-04-05T12:33:26","slug":"komoda-wysoka-mono-mk104-drzwi-granatowa-czarna-rama","status":"publish","type":"product","link":"https:\/\/baldumarket.lt\/lt\/product\/komoda-wysoka-mono-mk104-drzwi-granatowa-czarna-rama\/","title":{"rendered":"Mono MK104 auk\u0161ta komoda su stal\u010diais, durel\u0117mis, tamsiai m\u0117lynas\/juodas r\u0117mas"},"content":{"rendered":"<p>Auk\u0161ta keturi\u0173 dur\u0173 komoda \u201eMono MK104\u201c \u2013 puikus pasirinkimas \u0161iuolaiki\u0161koms svetain\u0117ms ir darbo erdv\u0117ms. Matin\u0117s tamsiai m\u0117lynos spalvos apdaila su juodu r\u0117mu, spinteli\u0173 fasadai puo\u0161ti presti\u017ein\u0117mis auksin\u0117mis ranken\u0117l\u0117mis, kurios pabr\u0117\u017eia komplekto charakter\u012f. Spintel\u0117 pagaminta i\u0161 laminuotos baldin\u0117s plok\u0161t\u0117s, kuri yra atsparesn\u0117 \u012fbr\u0117\u017eimams. Komoda priklauso to paties pavadinimo kolekcijai, kuri\u0105 sudaro komodos, tualetinis staliukas, naktinis staliukas, kavos staliukas ir televizoriaus staliukas. Baldai pristatomi i\u0161ardyti su ai\u0161kiomis surinkimo instrukcijomis. Taip pat galima \u012fsigyti versij\u0105 su auksiniu r\u0117mu.<\/p>","protected":false},"excerpt":{"rendered":"<p>Plotis: 104 cm<br \/>\nGylis: 39 cm<br \/>\n\u016agis: 126 cm<br \/>\nBald\u0173 spalva: tamsiai m\u0117lyna\/juoda<\/p>","protected":false},"featured_media":174490,"comment_status":"open","ping_status":"open","template":"","meta":[],"product_brand":[],"product_cat":[9566,1173,4635],"product_tag":[],"class_list":{"0":"post-174489","1":"product","2":"type-product","3":"status-publish","4":"has-post-thumbnail","6":"product_cat-furniture-system-mono-piaski","7":"product_cat-chests-of-drawers","8":"product_cat-piaski","10":"first","11":"instock","12":"purchasable","13":"product-type-simple"},"_links":{"self":[{"href":"https:\/\/baldumarket.lt\/lt\/wp-json\/wp\/v2\/product\/174489","targetHints":{"allow":["GET"]}}],"collection":[{"href":"https:\/\/baldumarket.lt\/lt\/wp-json\/wp\/v2\/product"}],"about":[{"href":"https:\/\/baldumarket.lt\/lt\/wp-json\/wp\/v2\/types\/product"}],"replies":[{"embeddable":true,"href":"https:\/\/baldumarket.lt\/lt\/wp-json\/wp\/v2\/comments?post=174489"}],"wp:featuredmedia":[{"embeddable":true,"href":"https:\/\/baldumarket.lt\/lt\/wp-json\/wp\/v2\/media\/174490"}],"wp:attachment":[{"href":"https:\/\/baldumarket.lt\/lt\/wp-json\/wp\/v2\/media?parent=174489"}],"wp:term":[{"taxonomy":"product_brand","embeddable":true,"href":"https:\/\/baldumarket.lt\/lt\/wp-json\/wp\/v2\/product_brand?post=174489"},{"taxonomy":"product_cat","embeddable":true,"href":"https:\/\/baldumarket.lt\/lt\/wp-json\/wp\/v2\/product_cat?post=174489"},{"taxonomy":"product_tag","embeddable":true,"href":"https:\/\/baldumarket.lt\/lt\/wp-json\/wp\/v2\/product_tag?post=174489"}],"curies":[{"name":"wp","href":"https:\/\/api.w.org\/{rel}","templated":true}]}}