{"id":174465,"date":"2025-12-20T12:37:42","date_gmt":"2025-12-20T09:37:42","guid":{"rendered":"https:\/\/baldumarket.lt\/product\/komoda-wysoka-diamond-kd104-dwudrzwiowa-dab-evoke-czarny\/"},"modified":"2026-04-05T16:08:10","modified_gmt":"2026-04-05T13:08:10","slug":"komoda-wysoka-diamond-kd104-dwudrzwiowa-dab-evoke-czarny","status":"publish","type":"product","link":"https:\/\/baldumarket.lt\/lt\/product\/komoda-wysoka-diamond-kd104-dwudrzwiowa-dab-evoke-czarny\/","title":{"rendered":"Diamond KD104 auk\u0161ta komoda, dviej\u0173 dur\u0173, \u201eEvoke Oak\u201c\/juoda"},"content":{"rendered":"<p>Moderni ir erdvi auk\u0161ta komoda \u201eDiamond K154\u201c stovi ant juod\u0173 metalini\u0173 kojeli\u0173 (14 cm), kurios pabr\u0117\u017eia jos modern\u0173 charakter\u012f. Komplekte yra dvi varstomos durys, u\u017e kuri\u0173 erdv\u0119 dalija dvi horizontalios lentynos. Vienas i\u0161 fasad\u0173 papuo\u0161tas patraukliu \u012fstri\u017e\u0173 linij\u0173, kurios sukuria eglut\u0117s ra\u0161t\u0105, dekoru. Spintel\u0117 pagaminta i\u0161 laminuotos baldin\u0117s plok\u0161t\u0117s, pasi\u017eymin\u010dios padidintu atsparumu \u012fbr\u0117\u017eimams. Komoda yra to paties pavadinimo komplekto dalis, kuri\u0105 sudaro komodos, kavos staliukas, drabu\u017ei\u0173 spinta, vitrina ir televizoriaus staliukas. Baldai pristatomi i\u0161ardyti ir pridedamos ai\u0161kios instrukcijos.<\/p>","protected":false},"excerpt":{"rendered":"<p>Plotis: 104 cm<br \/>\nGylis: 39 cm<br \/>\n\u016agis: 119 cm<br \/>\nBald\u0173 spalva: \u201eEvoke Oak\u201c \/ matin\u0117 juoda<\/p>","protected":false},"featured_media":174466,"comment_status":"open","ping_status":"open","template":"","meta":[],"product_brand":[],"product_cat":[9548,1173,4635],"product_tag":[],"class_list":{"0":"post-174465","1":"product","2":"type-product","3":"status-publish","4":"has-post-thumbnail","6":"product_cat-furniture-system-diamond-piaski","7":"product_cat-chests-of-drawers","8":"product_cat-piaski","10":"first","11":"instock","12":"purchasable","13":"product-type-simple"},"_links":{"self":[{"href":"https:\/\/baldumarket.lt\/lt\/wp-json\/wp\/v2\/product\/174465","targetHints":{"allow":["GET"]}}],"collection":[{"href":"https:\/\/baldumarket.lt\/lt\/wp-json\/wp\/v2\/product"}],"about":[{"href":"https:\/\/baldumarket.lt\/lt\/wp-json\/wp\/v2\/types\/product"}],"replies":[{"embeddable":true,"href":"https:\/\/baldumarket.lt\/lt\/wp-json\/wp\/v2\/comments?post=174465"}],"wp:featuredmedia":[{"embeddable":true,"href":"https:\/\/baldumarket.lt\/lt\/wp-json\/wp\/v2\/media\/174466"}],"wp:attachment":[{"href":"https:\/\/baldumarket.lt\/lt\/wp-json\/wp\/v2\/media?parent=174465"}],"wp:term":[{"taxonomy":"product_brand","embeddable":true,"href":"https:\/\/baldumarket.lt\/lt\/wp-json\/wp\/v2\/product_brand?post=174465"},{"taxonomy":"product_cat","embeddable":true,"href":"https:\/\/baldumarket.lt\/lt\/wp-json\/wp\/v2\/product_cat?post=174465"},{"taxonomy":"product_tag","embeddable":true,"href":"https:\/\/baldumarket.lt\/lt\/wp-json\/wp\/v2\/product_tag?post=174465"}],"curies":[{"name":"wp","href":"https:\/\/api.w.org\/{rel}","templated":true}]}}