{"id":174459,"date":"2025-12-20T12:37:35","date_gmt":"2025-12-20T09:37:35","guid":{"rendered":"https:\/\/baldumarket.lt\/product\/komoda-wysoka-color-kd97-drzwiczki-ceramic-red-dab-linea\/"},"modified":"2026-04-05T16:08:10","modified_gmt":"2026-04-05T13:08:10","slug":"komoda-wysoka-color-kd97-drzwiczki-ceramic-red-dab-linea","status":"publish","type":"product","link":"https:\/\/baldumarket.lt\/lt\/product\/komoda-wysoka-color-kd97-drzwiczki-ceramic-red-dab-linea\/","title":{"rendered":"COLOR KD97 auk\u0161ta komoda su durel\u0117mis, keramin\u0117 raudona \/ \u0105\u017euolo linija"},"content":{"rendered":"<p>Auk\u0161ta komoda su durel\u0117mis \u201eColor KD97\u201c pasi\u017eymi raudonos keramikos spalv\u0173 gama priekyje ir korpuse, o vir\u0161uje ir viduje \u2013 \u201eLinea Oak\u201c apdaila. Baldas pagamintas i\u0161 \u012fbr\u0117\u017eimams atsparios laminuotos plok\u0161t\u0117s, tod\u0117l yra atsparesnis \u012fbr\u0117\u017eimams ir lengvai valomas. Auk\u0161toje komodoje yra dvi erdvios spintel\u0117s su varstomomis durel\u0117mis, u\u017e kuri\u0173 erdv\u0119 padalija dvi horizontalios lentynos. Komplektas i\u0161siskiria patraukliu spalv\u0173 deriniu. Komoda pristatoma surinkta, su ai\u0161kiomis instrukcijomis ir furnit\u016bra.<\/p>","protected":false},"excerpt":{"rendered":"<p>Plotis: 97 cm<br \/>\nGylis: 37 cm<br \/>\n\u016agis: 122 cm<br \/>\nBald\u0173 spalva: Keramikos raudona \/ Linea \u0105\u017euolas<\/p>","protected":false},"featured_media":174460,"comment_status":"open","ping_status":"open","template":"","meta":[],"product_brand":[],"product_cat":[9564,1173,4635],"product_tag":[],"class_list":{"0":"post-174459","1":"product","2":"type-product","3":"status-publish","4":"has-post-thumbnail","6":"product_cat-furniture-system-color-piaski","7":"product_cat-chests-of-drawers","8":"product_cat-piaski","10":"first","11":"instock","12":"purchasable","13":"product-type-simple"},"_links":{"self":[{"href":"https:\/\/baldumarket.lt\/lt\/wp-json\/wp\/v2\/product\/174459","targetHints":{"allow":["GET"]}}],"collection":[{"href":"https:\/\/baldumarket.lt\/lt\/wp-json\/wp\/v2\/product"}],"about":[{"href":"https:\/\/baldumarket.lt\/lt\/wp-json\/wp\/v2\/types\/product"}],"replies":[{"embeddable":true,"href":"https:\/\/baldumarket.lt\/lt\/wp-json\/wp\/v2\/comments?post=174459"}],"wp:featuredmedia":[{"embeddable":true,"href":"https:\/\/baldumarket.lt\/lt\/wp-json\/wp\/v2\/media\/174460"}],"wp:attachment":[{"href":"https:\/\/baldumarket.lt\/lt\/wp-json\/wp\/v2\/media?parent=174459"}],"wp:term":[{"taxonomy":"product_brand","embeddable":true,"href":"https:\/\/baldumarket.lt\/lt\/wp-json\/wp\/v2\/product_brand?post=174459"},{"taxonomy":"product_cat","embeddable":true,"href":"https:\/\/baldumarket.lt\/lt\/wp-json\/wp\/v2\/product_cat?post=174459"},{"taxonomy":"product_tag","embeddable":true,"href":"https:\/\/baldumarket.lt\/lt\/wp-json\/wp\/v2\/product_tag?post=174459"}],"curies":[{"name":"wp","href":"https:\/\/api.w.org\/{rel}","templated":true}]}}