{"id":174453,"date":"2025-12-20T12:37:28","date_gmt":"2025-12-20T09:37:28","guid":{"rendered":"https:\/\/baldumarket.lt\/product\/komoda-wysoka-color-kd97-drzwiczki-cashmere-dab-linea\/"},"modified":"2026-04-05T16:08:10","modified_gmt":"2026-04-05T13:08:10","slug":"komoda-wysoka-color-kd97-drzwiczki-cashmere-dab-linea","status":"publish","type":"product","link":"https:\/\/baldumarket.lt\/lt\/product\/komoda-wysoka-color-kd97-drzwiczki-cashmere-dab-linea\/","title":{"rendered":"COLOR KD97 Auk\u0161ta komoda su durel\u0117mis, ka\u0161myro\/linea \u0105\u017euolo spalvos"},"content":{"rendered":"<p>Erdvi auk\u0161ta \u201eColor KD97\u201c komoda pasi\u017eymi deran\u010dia \u201eCashmere\u201c spalv\u0173 gama priekyje ir korpuse, o vir\u0161utin\u0117 ir vidin\u0117 dalys \u2013 \u201eLinea Oak\u201c \u0105\u017euolo apdaila. Spintel\u0117 pagaminta i\u0161 \u012fbr\u0117\u017eimams atsparios laminuotos plok\u0161t\u0117s, tod\u0117l yra atsparesn\u0117 \u012fbr\u0117\u017eimams ir lengvai valoma. Komoda pasi\u017eymi erdve, padalinta dviem prakti\u0161komis ir patogiomis lentynomis. Tai leid\u017eia tvarkingai laikyti \u012fvairius daiktus ir smulkius daiktus. Komplektas pasi\u017eymi patraukliu spalv\u0173 deriniu ir pristatomas paruo\u0161tas surinkimui, su ai\u0161kiomis instrukcijomis ir furnit\u016bra.<\/p>","protected":false},"excerpt":{"rendered":"<p>Plotis: 97 cm<br \/>\nGylis: 37 cm<br \/>\n\u016agis: 122 cm<br \/>\nBald\u0173 spalva: Ka\u0161myro \/ Linejaus \u0105\u017euolo<\/p>","protected":false},"featured_media":174454,"comment_status":"open","ping_status":"open","template":"","meta":[],"product_brand":[],"product_cat":[9564,1173,4635],"product_tag":[],"class_list":{"0":"post-174453","1":"product","2":"type-product","3":"status-publish","4":"has-post-thumbnail","6":"product_cat-furniture-system-color-piaski","7":"product_cat-chests-of-drawers","8":"product_cat-piaski","10":"first","11":"instock","12":"purchasable","13":"product-type-simple"},"_links":{"self":[{"href":"https:\/\/baldumarket.lt\/lt\/wp-json\/wp\/v2\/product\/174453","targetHints":{"allow":["GET"]}}],"collection":[{"href":"https:\/\/baldumarket.lt\/lt\/wp-json\/wp\/v2\/product"}],"about":[{"href":"https:\/\/baldumarket.lt\/lt\/wp-json\/wp\/v2\/types\/product"}],"replies":[{"embeddable":true,"href":"https:\/\/baldumarket.lt\/lt\/wp-json\/wp\/v2\/comments?post=174453"}],"wp:featuredmedia":[{"embeddable":true,"href":"https:\/\/baldumarket.lt\/lt\/wp-json\/wp\/v2\/media\/174454"}],"wp:attachment":[{"href":"https:\/\/baldumarket.lt\/lt\/wp-json\/wp\/v2\/media?parent=174453"}],"wp:term":[{"taxonomy":"product_brand","embeddable":true,"href":"https:\/\/baldumarket.lt\/lt\/wp-json\/wp\/v2\/product_brand?post=174453"},{"taxonomy":"product_cat","embeddable":true,"href":"https:\/\/baldumarket.lt\/lt\/wp-json\/wp\/v2\/product_cat?post=174453"},{"taxonomy":"product_tag","embeddable":true,"href":"https:\/\/baldumarket.lt\/lt\/wp-json\/wp\/v2\/product_tag?post=174453"}],"curies":[{"name":"wp","href":"https:\/\/api.w.org\/{rel}","templated":true}]}}