{"id":174445,"date":"2025-12-20T12:37:18","date_gmt":"2025-12-20T09:37:18","guid":{"rendered":"https:\/\/baldumarket.lt\/product\/komoda-wysoka-boho-kd97-dwudrzwiowa-dab-riviera-marmur-bianco\/"},"modified":"2026-04-05T16:08:10","modified_gmt":"2026-04-05T13:08:10","slug":"komoda-wysoka-boho-kd97-dwudrzwiowa-dab-riviera-marmur-bianco","status":"publish","type":"product","link":"https:\/\/baldumarket.lt\/lt\/product\/komoda-wysoka-boho-kd97-dwudrzwiowa-dab-riviera-marmur-bianco\/","title":{"rendered":"Boho KD97 auk\u0161ta komoda su stal\u010diais, dviej\u0173 dur\u0173, Riviera Oak\/Bianco marmuras"},"content":{"rendered":"<p>Moderni auk\u0161ta komoda \u201eBoho KD97\u201c pasi\u017eymi \u201eRiviera Oak\u201c ir \u201eBianco\u201c marmuro deriniu, o stalvir\u0161is yra nuleistas. \u0160is dizainas suteikia puikias galimybes eksponuoti m\u0117gstamus suvenyrus, augalus ir smulkius daiktus. Spintel\u0117 turi dvi varstomas duris, u\u017e kuri\u0173 erdv\u0119 dalija dvi horizontalios lentynos, ir stovi ant auk\u0161t\u0173 (20 cm) medini\u0173 kojeli\u0173, leid\u017eian\u010di\u0173 naudoti savaeigius dulki\u0173 siurblius. Spintel\u0117 pagaminta i\u0161 laminuotos baldin\u0117s plok\u0161t\u0117s, pasi\u017eymin\u010dios padidintu atsparumu \u012fbr\u0117\u017eimams. Komoda yra to paties pavadinimo komplekto, kur\u012f sudaro komodos, naktinis staliukas ir televizoriaus staliukas, dalis. Baldai pristatomi supakuoti su ai\u0161kiomis instrukcijomis.<\/p>","protected":false},"excerpt":{"rendered":"<p>Plotis: 97 cm<br \/>\nGylis: 37 cm<br \/>\n\u016agis: 122 cm<br \/>\nBald\u0173 spalva: Riviera Oak \/ Bianco marmuras<\/p>","protected":false},"featured_media":174446,"comment_status":"open","ping_status":"open","template":"","meta":[],"product_brand":[],"product_cat":[9559,1173,4635],"product_tag":[],"class_list":{"0":"post-174445","1":"product","2":"type-product","3":"status-publish","4":"has-post-thumbnail","6":"product_cat-furniture-system-boho-piaski","7":"product_cat-chests-of-drawers","8":"product_cat-piaski","10":"first","11":"instock","12":"purchasable","13":"product-type-simple"},"_links":{"self":[{"href":"https:\/\/baldumarket.lt\/lt\/wp-json\/wp\/v2\/product\/174445","targetHints":{"allow":["GET"]}}],"collection":[{"href":"https:\/\/baldumarket.lt\/lt\/wp-json\/wp\/v2\/product"}],"about":[{"href":"https:\/\/baldumarket.lt\/lt\/wp-json\/wp\/v2\/types\/product"}],"replies":[{"embeddable":true,"href":"https:\/\/baldumarket.lt\/lt\/wp-json\/wp\/v2\/comments?post=174445"}],"wp:featuredmedia":[{"embeddable":true,"href":"https:\/\/baldumarket.lt\/lt\/wp-json\/wp\/v2\/media\/174446"}],"wp:attachment":[{"href":"https:\/\/baldumarket.lt\/lt\/wp-json\/wp\/v2\/media?parent=174445"}],"wp:term":[{"taxonomy":"product_brand","embeddable":true,"href":"https:\/\/baldumarket.lt\/lt\/wp-json\/wp\/v2\/product_brand?post=174445"},{"taxonomy":"product_cat","embeddable":true,"href":"https:\/\/baldumarket.lt\/lt\/wp-json\/wp\/v2\/product_cat?post=174445"},{"taxonomy":"product_tag","embeddable":true,"href":"https:\/\/baldumarket.lt\/lt\/wp-json\/wp\/v2\/product_tag?post=174445"}],"curies":[{"name":"wp","href":"https:\/\/api.w.org\/{rel}","templated":true}]}}