{"id":174429,"date":"2025-12-20T12:36:58","date_gmt":"2025-12-20T09:36:58","guid":{"rendered":"https:\/\/baldumarket.lt\/product\/komoda-wrap-k-105-dwudrzwiowa-orzech-cashmere\/"},"modified":"2026-02-12T10:46:04","modified_gmt":"2026-02-12T07:46:04","slug":"komoda-wrap-k-105-dwudrzwiowa-orzech-cashmere","status":"publish","type":"product","link":"https:\/\/baldumarket.lt\/lt\/product\/komoda-wrap-k-105-dwudrzwiowa-orzech-cashmere\/","title":{"rendered":"Wrap Apvyniojama komoda K-105, dviej\u0173 dur\u0173, rie\u0161uto\/ka\u0161myro spalvos"},"content":{"rendered":"<p>Moderni \u201eWrap K-105\u201c komoda traukia d\u0117mes\u012f savo unikaliu dizainu. Baldas pagamintas i\u0161 \u012fbr\u0117\u017eimams atsparios laminuotos plok\u0161t\u0117s ir patvarios MDF plok\u0161t\u0117s su rie\u0161utmed\u017eio apdaila. Komplekt\u0105 sudaro dvejos \u0161velniai u\u017esidaran\u010dios varstomos durys, u\u017e kuri\u0173 erdv\u0119 dalija horizontali lentyna. Komoda pasi\u017eymi u\u017eapvalintais dur\u0173 kampais ir auk\u0161tomis metalin\u0117mis kojel\u0117mis. Komod\u0105 reikia surinkti, ji tiekiama su ai\u0161kiomis instrukcijomis ir pilnu furnit\u016bros komplektu.<\/p>","protected":false},"excerpt":{"rendered":"<p>Plotis: 105 cm<br \/>\nGylis: 39 cm<br \/>\nAuk\u0161tis: 82 cm<br \/>\nBald\u0173 spalva: rie\u0161uto\/ka\u0161myro<\/p>","protected":false},"featured_media":174430,"comment_status":"open","ping_status":"open","template":"","meta":[],"product_brand":[],"product_cat":[9552,4635,1987],"product_tag":[],"class_list":{"0":"post-174429","1":"product","2":"type-product","3":"status-publish","4":"has-post-thumbnail","6":"product_cat-furniture-system-wrap-piaski","7":"product_cat-piaski","8":"product_cat-shelving-units","10":"first","11":"instock","12":"purchasable","13":"product-type-simple"},"_links":{"self":[{"href":"https:\/\/baldumarket.lt\/lt\/wp-json\/wp\/v2\/product\/174429","targetHints":{"allow":["GET"]}}],"collection":[{"href":"https:\/\/baldumarket.lt\/lt\/wp-json\/wp\/v2\/product"}],"about":[{"href":"https:\/\/baldumarket.lt\/lt\/wp-json\/wp\/v2\/types\/product"}],"replies":[{"embeddable":true,"href":"https:\/\/baldumarket.lt\/lt\/wp-json\/wp\/v2\/comments?post=174429"}],"wp:featuredmedia":[{"embeddable":true,"href":"https:\/\/baldumarket.lt\/lt\/wp-json\/wp\/v2\/media\/174430"}],"wp:attachment":[{"href":"https:\/\/baldumarket.lt\/lt\/wp-json\/wp\/v2\/media?parent=174429"}],"wp:term":[{"taxonomy":"product_brand","embeddable":true,"href":"https:\/\/baldumarket.lt\/lt\/wp-json\/wp\/v2\/product_brand?post=174429"},{"taxonomy":"product_cat","embeddable":true,"href":"https:\/\/baldumarket.lt\/lt\/wp-json\/wp\/v2\/product_cat?post=174429"},{"taxonomy":"product_tag","embeddable":true,"href":"https:\/\/baldumarket.lt\/lt\/wp-json\/wp\/v2\/product_tag?post=174429"}],"curies":[{"name":"wp","href":"https:\/\/api.w.org\/{rel}","templated":true}]}}