{"id":174413,"date":"2025-12-20T12:36:39","date_gmt":"2025-12-20T09:36:39","guid":{"rendered":"https:\/\/baldumarket.lt\/product\/komoda-willow-ksz104-drzwi-szuflady-dab-artisan-czarny\/"},"modified":"2026-04-05T02:17:24","modified_gmt":"2026-04-04T23:17:24","slug":"komoda-willow-ksz104-drzwi-szuflady-dab-artisan-czarny","status":"publish","type":"product","link":"https:\/\/baldumarket.lt\/lt\/product\/komoda-willow-ksz104-drzwi-szuflady-dab-artisan-czarny\/","title":{"rendered":"Willow KSZ104 komoda, su stal\u010diais, durel\u0117mis, Artisan \u0105\u017euolas\/juoda"},"content":{"rendered":"<p>\u201eWillow KSZ104\u201c komoda traukia ak\u012f tiek savo stiliumi, tiek madingu spalv\u0173 deriniu. Spintel\u0117 turi varstomas duris, u\u017e kuri\u0173 erdv\u0119 dalija horizontali lentyna, ir tris erdvius stal\u010dius smulkiems daiktams bei nieku\u010diams. I\u0161skirtiniai bruo\u017eai \u2013 auk\u0161tos kojel\u0117s (20 cm) ir horizontaliai grioveliais i\u0161rai\u017eytos dur\u0173 priekin\u0117s dalies, pagamintos i\u0161 patvarios MDF plok\u0161t\u0117s su \u201eArtisan Oak\u201c apdaila. Komplekto korpusas ir stal\u010di\u0173 priekin\u0117s dalys pagamintos i\u0161 \u012fbr\u0117\u017eimams atsparios laminuotos plok\u0161t\u0117s. Komoda yra to paties pavadinimo kolekcijos dalis ir pristatoma supakuota.<\/p>","protected":false},"excerpt":{"rendered":"<p>Plotis: 104 cm<br \/>\nGylis: 39 cm<br \/>\nAuk\u0161tis: 83 cm<br \/>\nBald\u0173 spalva: Artisan \u0105\u017euolas \/ juoda<\/p>","protected":false},"featured_media":174414,"comment_status":"open","ping_status":"open","template":"","meta":[],"product_brand":[],"product_cat":[9556,1173,4635],"product_tag":[],"class_list":{"0":"post-174413","1":"product","2":"type-product","3":"status-publish","4":"has-post-thumbnail","6":"product_cat-furniture-system-willow-piaski","7":"product_cat-chests-of-drawers","8":"product_cat-piaski","10":"first","11":"instock","12":"purchasable","13":"product-type-simple"},"_links":{"self":[{"href":"https:\/\/baldumarket.lt\/lt\/wp-json\/wp\/v2\/product\/174413","targetHints":{"allow":["GET"]}}],"collection":[{"href":"https:\/\/baldumarket.lt\/lt\/wp-json\/wp\/v2\/product"}],"about":[{"href":"https:\/\/baldumarket.lt\/lt\/wp-json\/wp\/v2\/types\/product"}],"replies":[{"embeddable":true,"href":"https:\/\/baldumarket.lt\/lt\/wp-json\/wp\/v2\/comments?post=174413"}],"wp:featuredmedia":[{"embeddable":true,"href":"https:\/\/baldumarket.lt\/lt\/wp-json\/wp\/v2\/media\/174414"}],"wp:attachment":[{"href":"https:\/\/baldumarket.lt\/lt\/wp-json\/wp\/v2\/media?parent=174413"}],"wp:term":[{"taxonomy":"product_brand","embeddable":true,"href":"https:\/\/baldumarket.lt\/lt\/wp-json\/wp\/v2\/product_brand?post=174413"},{"taxonomy":"product_cat","embeddable":true,"href":"https:\/\/baldumarket.lt\/lt\/wp-json\/wp\/v2\/product_cat?post=174413"},{"taxonomy":"product_tag","embeddable":true,"href":"https:\/\/baldumarket.lt\/lt\/wp-json\/wp\/v2\/product_tag?post=174413"}],"curies":[{"name":"wp","href":"https:\/\/api.w.org\/{rel}","templated":true}]}}