{"id":174405,"date":"2025-12-20T12:36:29","date_gmt":"2025-12-20T09:36:29","guid":{"rendered":"https:\/\/baldumarket.lt\/product\/komoda-willow-k154-trzydrzwiowa-dab-artisan-czarny\/"},"modified":"2026-04-05T02:17:24","modified_gmt":"2026-04-04T23:17:24","slug":"komoda-willow-k154-trzydrzwiowa-dab-artisan-czarny","status":"publish","type":"product","link":"https:\/\/baldumarket.lt\/lt\/product\/komoda-willow-k154-trzydrzwiowa-dab-artisan-czarny\/","title":{"rendered":"Willow K154 komoda, trij\u0173 dur\u0173, Artisan \u0105\u017euolo\/juodos spalvos"},"content":{"rendered":"<p>Moderni ir itin patraukli \u201eWillow K154\u201c indauja traukia ak\u012f tiek savo stiliumi, tiek madingu spalv\u0173 deriniu. Spintel\u0117 turi tris varstomas duris, u\u017e kuri\u0173 erdv\u0119 dalija horizontalios lentynos. I\u0161skirtiniai \u0161io baldo bruo\u017eai \u2013 auk\u0161tos kojel\u0117s (20 cm) ir horizontaliai grioveliais i\u0161rai\u017eyti fasadai, pagaminti i\u0161 MDF plok\u0161t\u0117s ir apdailinti \u201eArtisan Oak\u201c \u0105\u017euolu. Komplekto korpusas pagamintas i\u0161 \u012fbr\u0117\u017eimams atsparios ir lengvai valomos laminuotos plok\u0161t\u0117s. Indauja yra to paties pavadinimo kolekcijos dalis ir tiekiama kaip savaranki\u0161ko surinkimo parinktis.<\/p>","protected":false},"excerpt":{"rendered":"<p>Plotis: 154 cm<br \/>\nGylis: 39 cm<br \/>\nAuk\u0161tis: 83 cm<br \/>\nBald\u0173 spalva: Artisan \u0105\u017euolas \/ juoda<\/p>","protected":false},"featured_media":174406,"comment_status":"open","ping_status":"open","template":"","meta":[],"product_brand":[],"product_cat":[9556,1173,4635],"product_tag":[],"class_list":{"0":"post-174405","1":"product","2":"type-product","3":"status-publish","4":"has-post-thumbnail","6":"product_cat-furniture-system-willow-piaski","7":"product_cat-chests-of-drawers","8":"product_cat-piaski","10":"first","11":"instock","12":"purchasable","13":"product-type-simple"},"_links":{"self":[{"href":"https:\/\/baldumarket.lt\/lt\/wp-json\/wp\/v2\/product\/174405","targetHints":{"allow":["GET"]}}],"collection":[{"href":"https:\/\/baldumarket.lt\/lt\/wp-json\/wp\/v2\/product"}],"about":[{"href":"https:\/\/baldumarket.lt\/lt\/wp-json\/wp\/v2\/types\/product"}],"replies":[{"embeddable":true,"href":"https:\/\/baldumarket.lt\/lt\/wp-json\/wp\/v2\/comments?post=174405"}],"wp:featuredmedia":[{"embeddable":true,"href":"https:\/\/baldumarket.lt\/lt\/wp-json\/wp\/v2\/media\/174406"}],"wp:attachment":[{"href":"https:\/\/baldumarket.lt\/lt\/wp-json\/wp\/v2\/media?parent=174405"}],"wp:term":[{"taxonomy":"product_brand","embeddable":true,"href":"https:\/\/baldumarket.lt\/lt\/wp-json\/wp\/v2\/product_brand?post=174405"},{"taxonomy":"product_cat","embeddable":true,"href":"https:\/\/baldumarket.lt\/lt\/wp-json\/wp\/v2\/product_cat?post=174405"},{"taxonomy":"product_tag","embeddable":true,"href":"https:\/\/baldumarket.lt\/lt\/wp-json\/wp\/v2\/product_tag?post=174405"}],"curies":[{"name":"wp","href":"https:\/\/api.w.org\/{rel}","templated":true}]}}