{"id":174397,"date":"2025-12-20T12:36:19","date_gmt":"2025-12-20T09:36:19","guid":{"rendered":"https:\/\/baldumarket.lt\/product\/komoda-typ-50-szuflady-biala\/"},"modified":"2026-02-03T23:28:38","modified_gmt":"2026-02-03T20:28:38","slug":"komoda-typ-50-szuflady-biala","status":"publish","type":"product","link":"https:\/\/baldumarket.lt\/lt\/product\/komoda-typ-50-szuflady-biala\/","title":{"rendered":"Komoda, 50 tipo, su stal\u010diais, balta"},"content":{"rendered":"<p>\u0160i moderni \u201eType 50\u201c komoda pagaminta i\u0161 \u012fbr\u0117\u017eimams atsparios laminuotos plok\u0161t\u0117s. D\u0117l universalaus dizaino ji puikiai dera prie beveik bet kokio \u0161iuolaikinio interjero stiliaus. Ji puikiai tinka miegamajam, valgomajam, svetainei ar net prie\u0161kambariui. Baldai pristatomi supakuoti su lengvai suprantamomis surinkimo instrukcijomis.<\/p>","protected":false},"excerpt":{"rendered":"<p>Plotis: 50 cm<br \/>\nGylis: 40 cm<br \/>\nAuk\u0161tis: 85 cm<br \/>\nBald\u0173 spalva: balta<\/p>","protected":false},"featured_media":174398,"comment_status":"open","ping_status":"open","template":"","meta":[],"product_brand":[],"product_cat":[1173,4635],"product_tag":[],"class_list":{"0":"post-174397","1":"product","2":"type-product","3":"status-publish","4":"has-post-thumbnail","6":"product_cat-chests-of-drawers","7":"product_cat-piaski","9":"first","10":"instock","11":"purchasable","12":"product-type-simple"},"_links":{"self":[{"href":"https:\/\/baldumarket.lt\/lt\/wp-json\/wp\/v2\/product\/174397","targetHints":{"allow":["GET"]}}],"collection":[{"href":"https:\/\/baldumarket.lt\/lt\/wp-json\/wp\/v2\/product"}],"about":[{"href":"https:\/\/baldumarket.lt\/lt\/wp-json\/wp\/v2\/types\/product"}],"replies":[{"embeddable":true,"href":"https:\/\/baldumarket.lt\/lt\/wp-json\/wp\/v2\/comments?post=174397"}],"wp:featuredmedia":[{"embeddable":true,"href":"https:\/\/baldumarket.lt\/lt\/wp-json\/wp\/v2\/media\/174398"}],"wp:attachment":[{"href":"https:\/\/baldumarket.lt\/lt\/wp-json\/wp\/v2\/media?parent=174397"}],"wp:term":[{"taxonomy":"product_brand","embeddable":true,"href":"https:\/\/baldumarket.lt\/lt\/wp-json\/wp\/v2\/product_brand?post=174397"},{"taxonomy":"product_cat","embeddable":true,"href":"https:\/\/baldumarket.lt\/lt\/wp-json\/wp\/v2\/product_cat?post=174397"},{"taxonomy":"product_tag","embeddable":true,"href":"https:\/\/baldumarket.lt\/lt\/wp-json\/wp\/v2\/product_tag?post=174397"}],"curies":[{"name":"wp","href":"https:\/\/api.w.org\/{rel}","templated":true}]}}