{"id":174389,"date":"2025-12-20T12:36:10","date_gmt":"2025-12-20T09:36:10","guid":{"rendered":"https:\/\/baldumarket.lt\/product\/komoda-typ-150-drzwi-szuflady-biala\/"},"modified":"2026-02-03T23:28:38","modified_gmt":"2026-02-03T20:28:38","slug":"komoda-typ-150-drzwi-szuflady-biala","status":"publish","type":"product","link":"https:\/\/baldumarket.lt\/lt\/product\/komoda-typ-150-drzwi-szuflady-biala\/","title":{"rendered":"Komoda, tipas 150, durel\u0117mis, stal\u010diais, balta"},"content":{"rendered":"<p>\u0160i didel\u0117 ir erdvi 150 tipo komoda, matin\u0117s baltos spalvos, yra universalus \u0161iuolaikini\u0173 miegam\u0173j\u0173, svetaini\u0173, svetaini\u0173 ir koridori\u0173 papildymas. Pagaminta i\u0161 \u012fbr\u0117\u017eimams atsparios laminuotos plok\u0161t\u0117s, komplekte yra dvejos varstomos durys ir keturi prakti\u0161ki stal\u010diai su patogiomis rankenomis. Komoda, \u012fskaitant duris ir stal\u010dius, pristatoma paruo\u0161ta savaranki\u0161kam surinkimui, su ai\u0161kiomis instrukcijomis ir furnit\u016bra.<\/p>","protected":false},"excerpt":{"rendered":"<p>Plotis: 150 cm<br \/>\nGylis: 40 cm<br \/>\nAuk\u0161tis: 85 cm<br \/>\nBald\u0173 spalva: balta<\/p>","protected":false},"featured_media":174390,"comment_status":"open","ping_status":"open","template":"","meta":[],"product_brand":[],"product_cat":[1173,4635],"product_tag":[],"class_list":{"0":"post-174389","1":"product","2":"type-product","3":"status-publish","4":"has-post-thumbnail","6":"product_cat-chests-of-drawers","7":"product_cat-piaski","9":"first","10":"instock","11":"purchasable","12":"product-type-simple"},"_links":{"self":[{"href":"https:\/\/baldumarket.lt\/lt\/wp-json\/wp\/v2\/product\/174389","targetHints":{"allow":["GET"]}}],"collection":[{"href":"https:\/\/baldumarket.lt\/lt\/wp-json\/wp\/v2\/product"}],"about":[{"href":"https:\/\/baldumarket.lt\/lt\/wp-json\/wp\/v2\/types\/product"}],"replies":[{"embeddable":true,"href":"https:\/\/baldumarket.lt\/lt\/wp-json\/wp\/v2\/comments?post=174389"}],"wp:featuredmedia":[{"embeddable":true,"href":"https:\/\/baldumarket.lt\/lt\/wp-json\/wp\/v2\/media\/174390"}],"wp:attachment":[{"href":"https:\/\/baldumarket.lt\/lt\/wp-json\/wp\/v2\/media?parent=174389"}],"wp:term":[{"taxonomy":"product_brand","embeddable":true,"href":"https:\/\/baldumarket.lt\/lt\/wp-json\/wp\/v2\/product_brand?post=174389"},{"taxonomy":"product_cat","embeddable":true,"href":"https:\/\/baldumarket.lt\/lt\/wp-json\/wp\/v2\/product_cat?post=174389"},{"taxonomy":"product_tag","embeddable":true,"href":"https:\/\/baldumarket.lt\/lt\/wp-json\/wp\/v2\/product_tag?post=174389"}],"curies":[{"name":"wp","href":"https:\/\/api.w.org\/{rel}","templated":true}]}}