{"id":174385,"date":"2025-12-20T12:36:03","date_gmt":"2025-12-20T09:36:03","guid":{"rendered":"https:\/\/baldumarket.lt\/product\/komoda-typ-100-drzwiczki-szuflady-grafitowa\/"},"modified":"2026-02-03T23:28:39","modified_gmt":"2026-02-03T20:28:39","slug":"komoda-typ-100-drzwiczki-szuflady-grafitowa","status":"publish","type":"product","link":"https:\/\/baldumarket.lt\/lt\/product\/komoda-typ-100-drzwiczki-szuflady-grafitowa\/","title":{"rendered":"Komoda, 100 tipo, durel\u0117s, stal\u010diai, grafito spalvos"},"content":{"rendered":"<p>Modernios \u201eType 100\u201c komodos su durel\u0117mis ir stal\u010diais d\u0117l savo universalaus stiliaus puikiai tinka \u0161iuolaiki\u0161kiems miegamiesiems, svetain\u0117ms, poilsio kambariams, taip pat koridoriams ir prie\u0161kambariams. Baldai pagaminti i\u0161 \u012fbr\u0117\u017eimams atsparios laminuotos plok\u0161t\u0117s, kuri pasi\u017eymi padidintu atsparumu \u012fbr\u0117\u017eimams. Komplekte yra vienos varstomos durys ir keturi prakti\u0161ki stal\u010diai. Komodos su durel\u0117mis ir stal\u010diais pristatomos paruo\u0161tos savaranki\u0161kam surinkimui, su ai\u0161kiomis instrukcijomis ir furnit\u016bra.<\/p>","protected":false},"excerpt":{"rendered":"<p>Plotis: 100 cm<br \/>\nGylis: 40 cm<br \/>\nAuk\u0161tis: 85 cm<br \/>\nBald\u0173 spalva: Grafito<\/p>","protected":false},"featured_media":174386,"comment_status":"open","ping_status":"open","template":"","meta":[],"product_brand":[],"product_cat":[1173,4635],"product_tag":[],"class_list":{"0":"post-174385","1":"product","2":"type-product","3":"status-publish","4":"has-post-thumbnail","6":"product_cat-chests-of-drawers","7":"product_cat-piaski","9":"first","10":"instock","11":"purchasable","12":"product-type-simple"},"_links":{"self":[{"href":"https:\/\/baldumarket.lt\/lt\/wp-json\/wp\/v2\/product\/174385","targetHints":{"allow":["GET"]}}],"collection":[{"href":"https:\/\/baldumarket.lt\/lt\/wp-json\/wp\/v2\/product"}],"about":[{"href":"https:\/\/baldumarket.lt\/lt\/wp-json\/wp\/v2\/types\/product"}],"replies":[{"embeddable":true,"href":"https:\/\/baldumarket.lt\/lt\/wp-json\/wp\/v2\/comments?post=174385"}],"wp:featuredmedia":[{"embeddable":true,"href":"https:\/\/baldumarket.lt\/lt\/wp-json\/wp\/v2\/media\/174386"}],"wp:attachment":[{"href":"https:\/\/baldumarket.lt\/lt\/wp-json\/wp\/v2\/media?parent=174385"}],"wp:term":[{"taxonomy":"product_brand","embeddable":true,"href":"https:\/\/baldumarket.lt\/lt\/wp-json\/wp\/v2\/product_brand?post=174385"},{"taxonomy":"product_cat","embeddable":true,"href":"https:\/\/baldumarket.lt\/lt\/wp-json\/wp\/v2\/product_cat?post=174385"},{"taxonomy":"product_tag","embeddable":true,"href":"https:\/\/baldumarket.lt\/lt\/wp-json\/wp\/v2\/product_tag?post=174385"}],"curies":[{"name":"wp","href":"https:\/\/api.w.org\/{rel}","templated":true}]}}