{"id":174381,"date":"2025-12-20T12:35:59","date_gmt":"2025-12-20T09:35:59","guid":{"rendered":"https:\/\/baldumarket.lt\/product\/komoda-typ-100-drzwiczki-szuflady-biala\/"},"modified":"2026-02-03T23:28:39","modified_gmt":"2026-02-03T20:28:39","slug":"komoda-typ-100-drzwiczki-szuflady-biala","status":"publish","type":"product","link":"https:\/\/baldumarket.lt\/lt\/product\/komoda-typ-100-drzwiczki-szuflady-biala\/","title":{"rendered":"Komoda, 100 tipo, su durel\u0117mis, stal\u010diais, balta"},"content":{"rendered":"<p>\u0160i moderni, matin\u0117s baltos spalvos 100 tipo komoda su durel\u0117mis ir stal\u010diais yra universalaus dizaino, puikiai tinkanti \u0161iuolaikiniams miegamiesiems, svetain\u0117ms, poilsio kambariams, taip pat koridoriams ir prie\u0161kambariams. Pagaminta i\u0161 \u012fbr\u0117\u017eimams atsparios laminuotos plok\u0161t\u0117s, komplekte yra vienos varstomos durys ir keturi prakti\u0161ki stal\u010diai su patogiomis rankenomis. Komoda su durel\u0117mis ir stal\u010diais pristatoma paruo\u0161ta savaranki\u0161kam surinkimui, su ai\u0161kiomis instrukcijomis ir furnit\u016bra.<\/p>","protected":false},"excerpt":{"rendered":"<p>Plotis: 100 cm<br \/>\nGylis: 40 cm<br \/>\nAuk\u0161tis: 85 cm<br \/>\nBald\u0173 spalva: balta<\/p>","protected":false},"featured_media":174382,"comment_status":"open","ping_status":"open","template":"","meta":[],"product_brand":[],"product_cat":[1173,4635],"product_tag":[],"class_list":{"0":"post-174381","1":"product","2":"type-product","3":"status-publish","4":"has-post-thumbnail","6":"product_cat-chests-of-drawers","7":"product_cat-piaski","9":"first","10":"instock","11":"purchasable","12":"product-type-simple"},"_links":{"self":[{"href":"https:\/\/baldumarket.lt\/lt\/wp-json\/wp\/v2\/product\/174381","targetHints":{"allow":["GET"]}}],"collection":[{"href":"https:\/\/baldumarket.lt\/lt\/wp-json\/wp\/v2\/product"}],"about":[{"href":"https:\/\/baldumarket.lt\/lt\/wp-json\/wp\/v2\/types\/product"}],"replies":[{"embeddable":true,"href":"https:\/\/baldumarket.lt\/lt\/wp-json\/wp\/v2\/comments?post=174381"}],"wp:featuredmedia":[{"embeddable":true,"href":"https:\/\/baldumarket.lt\/lt\/wp-json\/wp\/v2\/media\/174382"}],"wp:attachment":[{"href":"https:\/\/baldumarket.lt\/lt\/wp-json\/wp\/v2\/media?parent=174381"}],"wp:term":[{"taxonomy":"product_brand","embeddable":true,"href":"https:\/\/baldumarket.lt\/lt\/wp-json\/wp\/v2\/product_brand?post=174381"},{"taxonomy":"product_cat","embeddable":true,"href":"https:\/\/baldumarket.lt\/lt\/wp-json\/wp\/v2\/product_cat?post=174381"},{"taxonomy":"product_tag","embeddable":true,"href":"https:\/\/baldumarket.lt\/lt\/wp-json\/wp\/v2\/product_tag?post=174381"}],"curies":[{"name":"wp","href":"https:\/\/api.w.org\/{rel}","templated":true}]}}