{"id":174374,"date":"2025-12-20T12:35:50","date_gmt":"2025-12-20T09:35:50","guid":{"rendered":"https:\/\/baldumarket.lt\/product\/komoda-sky-sk120-czterodrzwiowa-dab-riviera\/"},"modified":"2026-04-05T02:44:15","modified_gmt":"2026-04-04T23:44:15","slug":"komoda-sky-sk120-czterodrzwiowa-dab-riviera","status":"publish","type":"product","link":"https:\/\/baldumarket.lt\/lt\/product\/komoda-sky-sk120-czterodrzwiowa-dab-riviera\/","title":{"rendered":"\u201eSky SK120\u201c komoda, keturi\u0173 dur\u0173, \u201eRiviera Oak\u201c"},"content":{"rendered":"<p>D\u0117l savo universalaus, modernaus charakterio \u201eSky SK120\u201c indauja puikiai tiks beveik bet kuriame \u0161iuolaiki\u0161kame svetain\u0117s ar poilsio kambario interjere. Spintel\u0117 turi keturias pilnas, varstomas duris ir plat\u0173, panel\u0117mis dengt\u0105 priekin\u012f r\u0117m\u0105. Ji priklauso \u201eSky SK120\u201c linijai, pagamintai i\u0161 laminuotos bald\u0173 plok\u0161t\u0117s, pasi\u017eymin\u010dios padidintu atsparumu \u012fbr\u0117\u017eimams. Spintel\u0117 pristatoma plok\u0161\u010diai supakuota su lengvai suprantamomis surinkimo instrukcijomis.<\/p>","protected":false},"excerpt":{"rendered":"<p>Plotis: 120 cm<br \/>\nGylis: 37 cm<br \/>\n\u016agis: 117 cm<br \/>\nBald\u0173 spalva: Riviera Oak<\/p>","protected":false},"featured_media":174375,"comment_status":"open","ping_status":"open","template":"","meta":[],"product_brand":[],"product_cat":[9550,1173,4635],"product_tag":[],"class_list":{"0":"post-174374","1":"product","2":"type-product","3":"status-publish","4":"has-post-thumbnail","6":"product_cat-furniture-system-sky-piaski","7":"product_cat-chests-of-drawers","8":"product_cat-piaski","10":"first","11":"instock","12":"purchasable","13":"product-type-simple"},"_links":{"self":[{"href":"https:\/\/baldumarket.lt\/lt\/wp-json\/wp\/v2\/product\/174374","targetHints":{"allow":["GET"]}}],"collection":[{"href":"https:\/\/baldumarket.lt\/lt\/wp-json\/wp\/v2\/product"}],"about":[{"href":"https:\/\/baldumarket.lt\/lt\/wp-json\/wp\/v2\/types\/product"}],"replies":[{"embeddable":true,"href":"https:\/\/baldumarket.lt\/lt\/wp-json\/wp\/v2\/comments?post=174374"}],"wp:featuredmedia":[{"embeddable":true,"href":"https:\/\/baldumarket.lt\/lt\/wp-json\/wp\/v2\/media\/174375"}],"wp:attachment":[{"href":"https:\/\/baldumarket.lt\/lt\/wp-json\/wp\/v2\/media?parent=174374"}],"wp:term":[{"taxonomy":"product_brand","embeddable":true,"href":"https:\/\/baldumarket.lt\/lt\/wp-json\/wp\/v2\/product_brand?post=174374"},{"taxonomy":"product_cat","embeddable":true,"href":"https:\/\/baldumarket.lt\/lt\/wp-json\/wp\/v2\/product_cat?post=174374"},{"taxonomy":"product_tag","embeddable":true,"href":"https:\/\/baldumarket.lt\/lt\/wp-json\/wp\/v2\/product_tag?post=174374"}],"curies":[{"name":"wp","href":"https:\/\/api.w.org\/{rel}","templated":true}]}}