{"id":174358,"date":"2025-12-20T12:35:32","date_gmt":"2025-12-20T09:35:32","guid":{"rendered":"https:\/\/baldumarket.lt\/product\/komoda-sento-ksz154-drzwi-szuflady-oswietlenie-czarny-dab-wotan\/"},"modified":"2026-04-05T02:50:05","modified_gmt":"2026-04-04T23:50:05","slug":"komoda-sento-ksz154-drzwi-szuflady-oswietlenie-czarny-dab-wotan","status":"publish","type":"product","link":"https:\/\/baldumarket.lt\/lt\/product\/komoda-sento-ksz154-drzwi-szuflady-oswietlenie-czarny-dab-wotan\/","title":{"rendered":"Sento KSZ154 komoda, durys, stal\u010diai, \u0161viestuvai, juoda\/Wotan \u0105\u017euolas"},"content":{"rendered":"<p>\u017davioji \u201eSento KSZ154\u201c komoda \u017eavi savo patraukliu, moderniu dizainu. \u0160i spintel\u0117 puikiai papildys \u0161iuolaikin\u012f interjer\u0105 ir taps tikru centriniu elementu. \u0160is eleganti\u0161kas baldas pasi\u017eymi atmosferiniu LED ap\u0161vietimu u\u017e gr\u016bdinto stiklo priekio. Komplekt\u0105 sudaro jutiklin\u0117s durel\u0117s ir trys stal\u010diai. Visas baldas stovi ant auk\u0161t\u0173 (20 cm) juod\u0173 kojeli\u0173, kurios suteikia visam baldui eleganti\u0161ko lengvumo. Komoda pagaminta i\u0161 patvarios, \u012fbr\u0117\u017eimams atsparios laminuotos plok\u0161t\u0117s su grioveliais, patvariais MDF priekiais. Ji priklauso to paties pavadinimo kolekcijai. B\u016btinas surinkimas, o komplekte yra ai\u0161kios instrukcijos ir visas furnit\u016bros komplektas.<\/p>","protected":false},"excerpt":{"rendered":"<p>Plotis: 154 cm<br \/>\nGylis: 39 cm<br \/>\nAuk\u0161tis: 83 cm<br \/>\nAp\u0161vietimas: Su ap\u0161vietimu<br \/>\nBald\u0173 spalva: Wotan \u0105\u017euolas\/juoda<\/p>","protected":false},"featured_media":174359,"comment_status":"open","ping_status":"open","template":"","meta":[],"product_brand":[],"product_cat":[9557,1173,4635],"product_tag":[],"class_list":{"0":"post-174358","1":"product","2":"type-product","3":"status-publish","4":"has-post-thumbnail","6":"product_cat-furniture-system-sento-piaski","7":"product_cat-chests-of-drawers","8":"product_cat-piaski","10":"first","11":"instock","12":"purchasable","13":"product-type-simple"},"_links":{"self":[{"href":"https:\/\/baldumarket.lt\/lt\/wp-json\/wp\/v2\/product\/174358","targetHints":{"allow":["GET"]}}],"collection":[{"href":"https:\/\/baldumarket.lt\/lt\/wp-json\/wp\/v2\/product"}],"about":[{"href":"https:\/\/baldumarket.lt\/lt\/wp-json\/wp\/v2\/types\/product"}],"replies":[{"embeddable":true,"href":"https:\/\/baldumarket.lt\/lt\/wp-json\/wp\/v2\/comments?post=174358"}],"wp:featuredmedia":[{"embeddable":true,"href":"https:\/\/baldumarket.lt\/lt\/wp-json\/wp\/v2\/media\/174359"}],"wp:attachment":[{"href":"https:\/\/baldumarket.lt\/lt\/wp-json\/wp\/v2\/media?parent=174358"}],"wp:term":[{"taxonomy":"product_brand","embeddable":true,"href":"https:\/\/baldumarket.lt\/lt\/wp-json\/wp\/v2\/product_brand?post=174358"},{"taxonomy":"product_cat","embeddable":true,"href":"https:\/\/baldumarket.lt\/lt\/wp-json\/wp\/v2\/product_cat?post=174358"},{"taxonomy":"product_tag","embeddable":true,"href":"https:\/\/baldumarket.lt\/lt\/wp-json\/wp\/v2\/product_tag?post=174358"}],"curies":[{"name":"wp","href":"https:\/\/api.w.org\/{rel}","templated":true}]}}