{"id":174342,"date":"2025-12-20T12:35:13","date_gmt":"2025-12-20T09:35:13","guid":{"rendered":"https:\/\/baldumarket.lt\/product\/komoda-sento-k154-drzwi-oswietlenie-cashmiere\/"},"modified":"2026-04-05T02:50:05","modified_gmt":"2026-04-04T23:50:05","slug":"komoda-sento-k154-drzwi-oswietlenie-cashmiere","status":"publish","type":"product","link":"https:\/\/baldumarket.lt\/lt\/product\/komoda-sento-k154-drzwi-oswietlenie-cashmiere\/","title":{"rendered":"Sento K154 komoda, durys, \u0161viestuvai, Cashmiere"},"content":{"rendered":"<p>Moderni \u201eSento K154\u201c komoda \u201eCashmiere\u201c spalvos \u017eavi patraukliu, moderniu dizainu. \u0160i spintel\u0117 puikiai papildys \u0161iuolaikin\u012f interjer\u0105 ir taps tikru centriniu elementu. \u0160is eleganti\u0161kas baldas pasi\u017eymi atmosferiniu LED ap\u0161vietimu, esan\u010diu u\u017e gr\u016bdinto stiklo priekio komodos centre. Komplekte yra lietimui jautrios durel\u0117mis. Visas baldas stovi ant auk\u0161t\u0173 (20 cm) juod\u0173 kojeli\u0173, suteikian\u010di\u0173 visam baldui eleganti\u0161ko lengvumo. Komoda pagaminta i\u0161 patvarios, \u012fbr\u0117\u017eimams atsparios laminuotos plok\u0161t\u0117s, o priekyje \u2013 grioveliais dekoruotos, patvarios MDF plok\u0161t\u0117s. Tai to paties pavadinimo kolekcijos dalis, ji pristatoma i\u0161 anksto supakuota su instrukcijomis ir pilnu furnit\u016bros komplektu.<\/p>","protected":false},"excerpt":{"rendered":"<p>Plotis: 154 cm<br \/>\nGylis: 39 cm<br \/>\nAuk\u0161tis: 83 cm<br \/>\nAp\u0161vietimas: Su ap\u0161vietimu<br \/>\nBald\u0173 spalva: Ka\u0161myras<\/p>","protected":false},"featured_media":174343,"comment_status":"open","ping_status":"open","template":"","meta":[],"product_brand":[],"product_cat":[9557,1173,4635],"product_tag":[],"class_list":{"0":"post-174342","1":"product","2":"type-product","3":"status-publish","4":"has-post-thumbnail","6":"product_cat-furniture-system-sento-piaski","7":"product_cat-chests-of-drawers","8":"product_cat-piaski","10":"first","11":"instock","12":"purchasable","13":"product-type-simple"},"_links":{"self":[{"href":"https:\/\/baldumarket.lt\/lt\/wp-json\/wp\/v2\/product\/174342","targetHints":{"allow":["GET"]}}],"collection":[{"href":"https:\/\/baldumarket.lt\/lt\/wp-json\/wp\/v2\/product"}],"about":[{"href":"https:\/\/baldumarket.lt\/lt\/wp-json\/wp\/v2\/types\/product"}],"replies":[{"embeddable":true,"href":"https:\/\/baldumarket.lt\/lt\/wp-json\/wp\/v2\/comments?post=174342"}],"wp:featuredmedia":[{"embeddable":true,"href":"https:\/\/baldumarket.lt\/lt\/wp-json\/wp\/v2\/media\/174343"}],"wp:attachment":[{"href":"https:\/\/baldumarket.lt\/lt\/wp-json\/wp\/v2\/media?parent=174342"}],"wp:term":[{"taxonomy":"product_brand","embeddable":true,"href":"https:\/\/baldumarket.lt\/lt\/wp-json\/wp\/v2\/product_brand?post=174342"},{"taxonomy":"product_cat","embeddable":true,"href":"https:\/\/baldumarket.lt\/lt\/wp-json\/wp\/v2\/product_cat?post=174342"},{"taxonomy":"product_tag","embeddable":true,"href":"https:\/\/baldumarket.lt\/lt\/wp-json\/wp\/v2\/product_tag?post=174342"}],"curies":[{"name":"wp","href":"https:\/\/api.w.org\/{rel}","templated":true}]}}