{"id":174326,"date":"2025-12-20T12:34:53","date_gmt":"2025-12-20T09:34:53","guid":{"rendered":"https:\/\/baldumarket.lt\/product\/komoda-sento-k104-drzwi-oswietlenie-czarny-dab-wotan\/"},"modified":"2026-04-05T02:50:05","modified_gmt":"2026-04-04T23:50:05","slug":"komoda-sento-k104-drzwi-oswietlenie-czarny-dab-wotan","status":"publish","type":"product","link":"https:\/\/baldumarket.lt\/lt\/product\/komoda-sento-k104-drzwi-oswietlenie-czarny-dab-wotan\/","title":{"rendered":"Sento K104 komoda, durel\u0117s, \u0161viestuvais, juoda\/Wotan \u0105\u017euolas"},"content":{"rendered":"<p>\u201eSento k104\u201c komoda \u017eavi savo patraukliu, moderniu dizainu. Ji puikiai papildys \u0161iuolaikin\u012f interjer\u0105 ir taps tikru centriniu elementu. \u0160is eleganti\u0161kas baldas pasi\u017eymi atmosferiniu LED ap\u0161vietimu u\u017e gr\u016bdinto stiklo priekio. Komplekte yra lietimui jautrios durel\u0117mis. Visas baldas stovi ant auk\u0161t\u0173 (20 cm) juod\u0173 kojeli\u0173, kurios suteikia visam baldui eleganti\u0161ko lengvumo. Komoda pagaminta i\u0161 patvarios, \u012fbr\u0117\u017eimams atsparios laminuotos plok\u0161t\u0117s su grioveliais i\u0161 MDF plok\u0161t\u0117s priekio. Ji priklauso to paties pavadinimo kolekcijai, kuri\u0105 sudaro komodos, vitrinos, televizoriaus staliukas ir naktinis staliukas. B\u016btinas surinkimas, pridedamos ai\u0161kios instrukcijos.<\/p>","protected":false},"excerpt":{"rendered":"<p>Plotis: 104 cm<br \/>\nGylis: 39 cm<br \/>\nAuk\u0161tis: 83 cm<br \/>\nAp\u0161vietimas: Su ap\u0161vietimu<br \/>\nBald\u0173 spalva: Wotan \u0105\u017euolas\/juoda<\/p>","protected":false},"featured_media":174327,"comment_status":"open","ping_status":"open","template":"","meta":[],"product_brand":[],"product_cat":[9557,1173,4635],"product_tag":[],"class_list":{"0":"post-174326","1":"product","2":"type-product","3":"status-publish","4":"has-post-thumbnail","6":"product_cat-furniture-system-sento-piaski","7":"product_cat-chests-of-drawers","8":"product_cat-piaski","10":"first","11":"instock","12":"purchasable","13":"product-type-simple"},"_links":{"self":[{"href":"https:\/\/baldumarket.lt\/lt\/wp-json\/wp\/v2\/product\/174326","targetHints":{"allow":["GET"]}}],"collection":[{"href":"https:\/\/baldumarket.lt\/lt\/wp-json\/wp\/v2\/product"}],"about":[{"href":"https:\/\/baldumarket.lt\/lt\/wp-json\/wp\/v2\/types\/product"}],"replies":[{"embeddable":true,"href":"https:\/\/baldumarket.lt\/lt\/wp-json\/wp\/v2\/comments?post=174326"}],"wp:featuredmedia":[{"embeddable":true,"href":"https:\/\/baldumarket.lt\/lt\/wp-json\/wp\/v2\/media\/174327"}],"wp:attachment":[{"href":"https:\/\/baldumarket.lt\/lt\/wp-json\/wp\/v2\/media?parent=174326"}],"wp:term":[{"taxonomy":"product_brand","embeddable":true,"href":"https:\/\/baldumarket.lt\/lt\/wp-json\/wp\/v2\/product_brand?post=174326"},{"taxonomy":"product_cat","embeddable":true,"href":"https:\/\/baldumarket.lt\/lt\/wp-json\/wp\/v2\/product_cat?post=174326"},{"taxonomy":"product_tag","embeddable":true,"href":"https:\/\/baldumarket.lt\/lt\/wp-json\/wp\/v2\/product_tag?post=174326"}],"curies":[{"name":"wp","href":"https:\/\/api.w.org\/{rel}","templated":true}]}}