{"id":174273,"date":"2025-12-20T12:33:50","date_gmt":"2025-12-20T09:33:50","guid":{"rendered":"https:\/\/baldumarket.lt\/product\/komoda-raven-ksz97-drzwi-szuflady-czarny\/"},"modified":"2026-04-05T15:16:07","modified_gmt":"2026-04-05T12:16:07","slug":"komoda-raven-ksz97-drzwi-szuflady-czarny","status":"publish","type":"product","link":"https:\/\/baldumarket.lt\/lt\/product\/komoda-raven-ksz97-drzwi-szuflady-czarny\/","title":{"rendered":"Raven KSZ97 komoda, durel\u0117mis, juoda"},"content":{"rendered":"<p>Kompakti\u0161ka komoda \u201eRaven KSZ97\u201c pagaminta moderniu, \u0161iuolaiki\u0161ku stiliumi. D\u0117l unikalaus dizaino ji puikiai tinka minimalistiniam, industriniam ir net lofto stiliaus interjerui. Unikal\u0173 komplekto charakter\u012f pabr\u0117\u017eia 3D dekoratyvinis elementas ant patvarios MDF priekin\u0117s dalies. U\u017e varstom\u0173 dureli\u0173 yra erdvi erdv\u0117, padalinta horizontalia lentyna. Trys prakti\u0161ki stal\u010diai leid\u017eia tvarkingai laikyti \u012fvairius daiktus ir smulkius daiktus. Visas komplektas stovi ant plon\u0173 metalini\u0173 kojeli\u0173, tod\u0117l po spintele lengva valyti naudojant valymo robotus. D\u0117l kompakti\u0161ko dyd\u017eio ji puikiai tinka tiek svetain\u0117ms, tiek siauriems koridoriams. Komoda yra to paties pavadinimo bald\u0173 kolekcijos dalis, leid\u017eianti kurti darnius dizainus ir spalvas. Komplekt\u0105 reikia surinkti, jis tiekiamas su instrukcijomis ir pilnu furnit\u016bros komplektu.<\/p>","protected":false},"excerpt":{"rendered":"<p>Plotis: 97 cm<br \/>\nGylis: 38 cm<br \/>\nAuk\u0161tis: 83 cm<br \/>\nBald\u0173 spalva: juoda<\/p>","protected":false},"featured_media":174274,"comment_status":"open","ping_status":"open","template":"","meta":[],"product_brand":[],"product_cat":[9573,1173,4635],"product_tag":[],"class_list":{"0":"post-174273","1":"product","2":"type-product","3":"status-publish","4":"has-post-thumbnail","6":"product_cat-furniture-system-raven-piaski","7":"product_cat-chests-of-drawers","8":"product_cat-piaski","10":"first","11":"instock","12":"purchasable","13":"product-type-simple"},"_links":{"self":[{"href":"https:\/\/baldumarket.lt\/lt\/wp-json\/wp\/v2\/product\/174273","targetHints":{"allow":["GET"]}}],"collection":[{"href":"https:\/\/baldumarket.lt\/lt\/wp-json\/wp\/v2\/product"}],"about":[{"href":"https:\/\/baldumarket.lt\/lt\/wp-json\/wp\/v2\/types\/product"}],"replies":[{"embeddable":true,"href":"https:\/\/baldumarket.lt\/lt\/wp-json\/wp\/v2\/comments?post=174273"}],"wp:featuredmedia":[{"embeddable":true,"href":"https:\/\/baldumarket.lt\/lt\/wp-json\/wp\/v2\/media\/174274"}],"wp:attachment":[{"href":"https:\/\/baldumarket.lt\/lt\/wp-json\/wp\/v2\/media?parent=174273"}],"wp:term":[{"taxonomy":"product_brand","embeddable":true,"href":"https:\/\/baldumarket.lt\/lt\/wp-json\/wp\/v2\/product_brand?post=174273"},{"taxonomy":"product_cat","embeddable":true,"href":"https:\/\/baldumarket.lt\/lt\/wp-json\/wp\/v2\/product_cat?post=174273"},{"taxonomy":"product_tag","embeddable":true,"href":"https:\/\/baldumarket.lt\/lt\/wp-json\/wp\/v2\/product_tag?post=174273"}],"curies":[{"name":"wp","href":"https:\/\/api.w.org\/{rel}","templated":true}]}}