{"id":174258,"date":"2025-12-20T12:33:32","date_gmt":"2025-12-20T09:33:32","guid":{"rendered":"https:\/\/baldumarket.lt\/product\/komoda-raven-ksz144-2d-dwudrzwiowa-szuflady-czarny\/"},"modified":"2026-04-05T15:16:07","modified_gmt":"2026-04-05T12:16:07","slug":"komoda-raven-ksz144-2d-dwudrzwiowa-szuflady-czarny","status":"publish","type":"product","link":"https:\/\/baldumarket.lt\/lt\/product\/komoda-raven-ksz144-2d-dwudrzwiowa-szuflady-czarny\/","title":{"rendered":"Raven KSZ144 2D komoda, dviej\u0173 dur\u0173, juoda"},"content":{"rendered":"<p>\u201eRaven KSZ144 2D\u201c indauja pasi\u017eymi moderniu, modernistiniu stiliumi. D\u0117l unikalaus dizaino ji puikiai tinka minimalistiniam, industriniam ir net lofto stiliaus interjerui. Unikal\u0173 komplekto charakter\u012f pabr\u0117\u017eia 3D dekoratyvin\u0117s detal\u0117s ant MDF fasad\u0173. U\u017e varstom\u0173 dureli\u0173 yra erdvi erdv\u0117, padalinta horizontalia lentyna. Centrin\u0117je indaujas turi tris prakti\u0161kus stal\u010dius. Visas spintel\u0117 pastatyta ant plon\u0173 metalini\u0173 kojeli\u0173, tod\u0117l po spintele lengva valyti naudojant valymo robotus. Indauja priklauso to paties pavadinimo bald\u0173 kolekcijai, leid\u017eian\u010diai sukurti darnius dizaino ir spalv\u0173 komplektus. B\u016btinas surinkimas, komplektas tiekiamas su instrukcijomis ir pilnu furnit\u016bros komplektu.<\/p>","protected":false},"excerpt":{"rendered":"<p>Plotis: 144 cm<br \/>\nGylis: 38 cm<br \/>\nAuk\u0161tis: 83 cm<br \/>\nBald\u0173 spalva: juoda<\/p>","protected":false},"featured_media":174259,"comment_status":"open","ping_status":"open","template":"","meta":[],"product_brand":[],"product_cat":[9573,1173,4635],"product_tag":[],"class_list":{"0":"post-174258","1":"product","2":"type-product","3":"status-publish","4":"has-post-thumbnail","6":"product_cat-furniture-system-raven-piaski","7":"product_cat-chests-of-drawers","8":"product_cat-piaski","10":"first","11":"instock","12":"purchasable","13":"product-type-simple"},"_links":{"self":[{"href":"https:\/\/baldumarket.lt\/lt\/wp-json\/wp\/v2\/product\/174258","targetHints":{"allow":["GET"]}}],"collection":[{"href":"https:\/\/baldumarket.lt\/lt\/wp-json\/wp\/v2\/product"}],"about":[{"href":"https:\/\/baldumarket.lt\/lt\/wp-json\/wp\/v2\/types\/product"}],"replies":[{"embeddable":true,"href":"https:\/\/baldumarket.lt\/lt\/wp-json\/wp\/v2\/comments?post=174258"}],"wp:featuredmedia":[{"embeddable":true,"href":"https:\/\/baldumarket.lt\/lt\/wp-json\/wp\/v2\/media\/174259"}],"wp:attachment":[{"href":"https:\/\/baldumarket.lt\/lt\/wp-json\/wp\/v2\/media?parent=174258"}],"wp:term":[{"taxonomy":"product_brand","embeddable":true,"href":"https:\/\/baldumarket.lt\/lt\/wp-json\/wp\/v2\/product_brand?post=174258"},{"taxonomy":"product_cat","embeddable":true,"href":"https:\/\/baldumarket.lt\/lt\/wp-json\/wp\/v2\/product_cat?post=174258"},{"taxonomy":"product_tag","embeddable":true,"href":"https:\/\/baldumarket.lt\/lt\/wp-json\/wp\/v2\/product_tag?post=174258"}],"curies":[{"name":"wp","href":"https:\/\/api.w.org\/{rel}","templated":true}]}}