{"id":174250,"date":"2025-12-20T12:33:24","date_gmt":"2025-12-20T09:33:24","guid":{"rendered":"https:\/\/baldumarket.lt\/product\/komoda-primo-pksz160-drzwi-szuflady-dab-riviera-bialy\/"},"modified":"2026-04-05T15:16:07","modified_gmt":"2026-04-05T12:16:07","slug":"komoda-primo-pksz160-drzwi-szuflady-dab-riviera-bialy","status":"publish","type":"product","link":"https:\/\/baldumarket.lt\/lt\/product\/komoda-primo-pksz160-drzwi-szuflady-dab-riviera-bialy\/","title":{"rendered":"Primo PKSZ160 komoda, durel\u0117mis, Riviera Oak\/White"},"content":{"rendered":"<p>Funkcionali \u201ePrimo PKSZ160\u201c indauja traukia d\u0117mes\u012f patraukliu skandinavi\u0161ku dizainu, kur\u012f pabr\u0117\u017eia medin\u0117s kojel\u0117s ir ry\u0161kios komplekto spalvos. \u0160i spintel\u0117 puikiai papildys \u0161iuolaikines svetaines ir darbo erdves. Komplekte yra dvi varstomos durys, u\u017e kuri\u0173 erdv\u0119 dalija prakti\u0161ka lentyna, ir trys erdv\u016bs stal\u010diai, esantys indauja centre. Visas baldas stovi ant auk\u0161t\u0173 (20 cm) kojeli\u0173, kurios suteikia visam baldui lengvumo. Indauja pagaminta i\u0161 \u012fbr\u0117\u017eimams atsparios laminuotos bald\u0173 plok\u0161t\u0117s, o dekoratyvin\u0117s juostel\u0117s \u2013 i\u0161 patvarios MDF plok\u0161t\u0117s. Indauja su durel\u0117mis ir stal\u010diais yra to paties pavadinimo kolekcijos dalis ir pristatoma paruo\u0161ta surinkimui, su instrukcijomis ir furnit\u016bra.<\/p>","protected":false},"excerpt":{"rendered":"<p>Plotis: 160 cm<br \/>\nGylis: 40 cm<br \/>\nAuk\u0161tis: 83 cm<br \/>\nBald\u0173 spalva: Riviera Oak\/White<\/p>","protected":false},"featured_media":174251,"comment_status":"open","ping_status":"open","template":"","meta":[],"product_brand":[],"product_cat":[9565,1173,4635],"product_tag":[],"class_list":{"0":"post-174250","1":"product","2":"type-product","3":"status-publish","4":"has-post-thumbnail","6":"product_cat-furniture-system-primo-piaski","7":"product_cat-chests-of-drawers","8":"product_cat-piaski","10":"first","11":"instock","12":"purchasable","13":"product-type-simple"},"_links":{"self":[{"href":"https:\/\/baldumarket.lt\/lt\/wp-json\/wp\/v2\/product\/174250","targetHints":{"allow":["GET"]}}],"collection":[{"href":"https:\/\/baldumarket.lt\/lt\/wp-json\/wp\/v2\/product"}],"about":[{"href":"https:\/\/baldumarket.lt\/lt\/wp-json\/wp\/v2\/types\/product"}],"replies":[{"embeddable":true,"href":"https:\/\/baldumarket.lt\/lt\/wp-json\/wp\/v2\/comments?post=174250"}],"wp:featuredmedia":[{"embeddable":true,"href":"https:\/\/baldumarket.lt\/lt\/wp-json\/wp\/v2\/media\/174251"}],"wp:attachment":[{"href":"https:\/\/baldumarket.lt\/lt\/wp-json\/wp\/v2\/media?parent=174250"}],"wp:term":[{"taxonomy":"product_brand","embeddable":true,"href":"https:\/\/baldumarket.lt\/lt\/wp-json\/wp\/v2\/product_brand?post=174250"},{"taxonomy":"product_cat","embeddable":true,"href":"https:\/\/baldumarket.lt\/lt\/wp-json\/wp\/v2\/product_cat?post=174250"},{"taxonomy":"product_tag","embeddable":true,"href":"https:\/\/baldumarket.lt\/lt\/wp-json\/wp\/v2\/product_tag?post=174250"}],"curies":[{"name":"wp","href":"https:\/\/api.w.org\/{rel}","templated":true}]}}