{"id":174242,"date":"2025-12-20T12:33:14","date_gmt":"2025-12-20T09:33:14","guid":{"rendered":"https:\/\/baldumarket.lt\/product\/komoda-primo-pksz107-drzwi-szuflady-dab-riviera-bialy\/"},"modified":"2026-04-05T15:16:07","modified_gmt":"2026-04-05T12:16:07","slug":"komoda-primo-pksz107-drzwi-szuflady-dab-riviera-bialy","status":"publish","type":"product","link":"https:\/\/baldumarket.lt\/lt\/product\/komoda-primo-pksz107-drzwi-szuflady-dab-riviera-bialy\/","title":{"rendered":"Primo PKSZ107 komoda, durel\u0117mis, Riviera Oak\/White"},"content":{"rendered":"<p>Moderni \u201ePrimo PKSZ107\u201c indauja traukia d\u0117mes\u012f patraukliu skandinavi\u0161ku dizainu, kur\u012f pabr\u0117\u017eia medin\u0117s kojel\u0117s ir ry\u0161kios spalvos. \u0160i spintel\u0117 puikiai papildys \u0161iuolaikin\u012f interjer\u0105, padidindama jo funkcionalum\u0105. Komplekte yra varstomos durys, u\u017e kuri\u0173 erdv\u0119 padalija prakti\u0161kos lentynos, ir trys erdv\u016bs stal\u010diai smulkiems daiktams ir nieku\u010diams. Visas baldas stovi ant auk\u0161t\u0173 (20 cm) kojeli\u0173, kurios suteikia baldui lengvumo. Indauja pagaminta i\u0161 \u012fbr\u0117\u017eimams atsparios laminuotos plok\u0161t\u0117s, o dekoratyvin\u0117s juostel\u0117s \u2013 i\u0161 patvarios MDF plok\u0161t\u0117s. Spintel\u0117 priklauso to paties pavadinimo kolekcijai ir pristatoma jau surinkta, su instrukcijomis ir furnit\u016bra.<\/p>","protected":false},"excerpt":{"rendered":"<p>Plotis: 107 cm<br \/>\nGylis: 40 cm<br \/>\nAuk\u0161tis: 83 cm<br \/>\nBald\u0173 spalva: Riviera Oak\/White<\/p>","protected":false},"featured_media":174243,"comment_status":"open","ping_status":"open","template":"","meta":[],"product_brand":[],"product_cat":[9565,1173,4635],"product_tag":[],"class_list":{"0":"post-174242","1":"product","2":"type-product","3":"status-publish","4":"has-post-thumbnail","6":"product_cat-furniture-system-primo-piaski","7":"product_cat-chests-of-drawers","8":"product_cat-piaski","10":"first","11":"instock","12":"purchasable","13":"product-type-simple"},"_links":{"self":[{"href":"https:\/\/baldumarket.lt\/lt\/wp-json\/wp\/v2\/product\/174242","targetHints":{"allow":["GET"]}}],"collection":[{"href":"https:\/\/baldumarket.lt\/lt\/wp-json\/wp\/v2\/product"}],"about":[{"href":"https:\/\/baldumarket.lt\/lt\/wp-json\/wp\/v2\/types\/product"}],"replies":[{"embeddable":true,"href":"https:\/\/baldumarket.lt\/lt\/wp-json\/wp\/v2\/comments?post=174242"}],"wp:featuredmedia":[{"embeddable":true,"href":"https:\/\/baldumarket.lt\/lt\/wp-json\/wp\/v2\/media\/174243"}],"wp:attachment":[{"href":"https:\/\/baldumarket.lt\/lt\/wp-json\/wp\/v2\/media?parent=174242"}],"wp:term":[{"taxonomy":"product_brand","embeddable":true,"href":"https:\/\/baldumarket.lt\/lt\/wp-json\/wp\/v2\/product_brand?post=174242"},{"taxonomy":"product_cat","embeddable":true,"href":"https:\/\/baldumarket.lt\/lt\/wp-json\/wp\/v2\/product_cat?post=174242"},{"taxonomy":"product_tag","embeddable":true,"href":"https:\/\/baldumarket.lt\/lt\/wp-json\/wp\/v2\/product_tag?post=174242"}],"curies":[{"name":"wp","href":"https:\/\/api.w.org\/{rel}","templated":true}]}}