{"id":174234,"date":"2025-12-20T12:33:05","date_gmt":"2025-12-20T09:33:05","guid":{"rendered":"https:\/\/baldumarket.lt\/product\/komoda-primo-pk107czterodrzwiowa-dab-riviera-bialy\/"},"modified":"2026-04-05T15:16:07","modified_gmt":"2026-04-05T12:16:07","slug":"komoda-primo-pk107czterodrzwiowa-dab-riviera-bialy","status":"publish","type":"product","link":"https:\/\/baldumarket.lt\/lt\/product\/komoda-primo-pk107czterodrzwiowa-dab-riviera-bialy\/","title":{"rendered":"Primo PK107 komoda, keturi\u0173 dur\u0173, \u201eRiviera Oak\u201c \/ balta"},"content":{"rendered":"<p>Moderni ir erdvi \u201ePrimo PK107\u201c komoda \u017eavi patraukliu skandinavi\u0161ku dizainu, kur\u012f pabr\u0117\u017eia medin\u0117s kojel\u0117s ir ry\u0161kios spalvos. \u0160i spintel\u0117 puikiai papildys \u0161iuolaikin\u012f interjer\u0105 ir taps tikru i\u0161skirtiniu baldu. Komplekte yra keturios varstomos durys, u\u017e kuri\u0173 erdv\u0119 dalija prakti\u0161kos lentynos. Visas baldas stovi ant auk\u0161t\u0173 (20 cm) kojeli\u0173, suteikian\u010di\u0173 baldui lengvumo. Komoda pagaminta i\u0161 \u012fbr\u0117\u017eimams atsparios laminuotos plok\u0161t\u0117s, o dekoratyvin\u0117s juostel\u0117s \u2013 i\u0161 patvarios MDF plok\u0161t\u0117s. Spintel\u0117, priklausanti to paties pavadinimo kolekcijai, pristatoma plok\u0161\u010diai supakuota, kartu su surinkimo instrukcijomis ir furnit\u016bra.<\/p>","protected":false},"excerpt":{"rendered":"<p>Plotis: 107 cm<br \/>\nGylis: 40 cm<br \/>\n\u016agis: 134 cm<br \/>\nBald\u0173 spalva: Riviera Oak\/White<\/p>","protected":false},"featured_media":174235,"comment_status":"open","ping_status":"open","template":"","meta":[],"product_brand":[],"product_cat":[9565,1173,4635],"product_tag":[],"class_list":{"0":"post-174234","1":"product","2":"type-product","3":"status-publish","4":"has-post-thumbnail","6":"product_cat-furniture-system-primo-piaski","7":"product_cat-chests-of-drawers","8":"product_cat-piaski","10":"first","11":"instock","12":"purchasable","13":"product-type-simple"},"_links":{"self":[{"href":"https:\/\/baldumarket.lt\/lt\/wp-json\/wp\/v2\/product\/174234","targetHints":{"allow":["GET"]}}],"collection":[{"href":"https:\/\/baldumarket.lt\/lt\/wp-json\/wp\/v2\/product"}],"about":[{"href":"https:\/\/baldumarket.lt\/lt\/wp-json\/wp\/v2\/types\/product"}],"replies":[{"embeddable":true,"href":"https:\/\/baldumarket.lt\/lt\/wp-json\/wp\/v2\/comments?post=174234"}],"wp:featuredmedia":[{"embeddable":true,"href":"https:\/\/baldumarket.lt\/lt\/wp-json\/wp\/v2\/media\/174235"}],"wp:attachment":[{"href":"https:\/\/baldumarket.lt\/lt\/wp-json\/wp\/v2\/media?parent=174234"}],"wp:term":[{"taxonomy":"product_brand","embeddable":true,"href":"https:\/\/baldumarket.lt\/lt\/wp-json\/wp\/v2\/product_brand?post=174234"},{"taxonomy":"product_cat","embeddable":true,"href":"https:\/\/baldumarket.lt\/lt\/wp-json\/wp\/v2\/product_cat?post=174234"},{"taxonomy":"product_tag","embeddable":true,"href":"https:\/\/baldumarket.lt\/lt\/wp-json\/wp\/v2\/product_tag?post=174234"}],"curies":[{"name":"wp","href":"https:\/\/api.w.org\/{rel}","templated":true}]}}