{"id":174218,"date":"2025-12-20T12:32:45","date_gmt":"2025-12-20T09:32:45","guid":{"rendered":"https:\/\/baldumarket.lt\/product\/komoda-nova-ksz154-drzwi-szuflady-szara-czarna-rama\/"},"modified":"2026-04-05T15:33:26","modified_gmt":"2026-04-05T12:33:26","slug":"komoda-nova-ksz154-drzwi-szuflady-szara-czarna-rama","status":"publish","type":"product","link":"https:\/\/baldumarket.lt\/lt\/product\/komoda-nova-ksz154-drzwi-szuflady-szara-czarna-rama\/","title":{"rendered":"Nova KSZ154 komoda, su stal\u010diais, durel\u0117mis, pilku\/juodu r\u0117mu"},"content":{"rendered":"<p>Jei ie\u0161kote unikalaus baldo savo svetainei, turime jums puik\u0173 pasirinkim\u0105: Nova KSZ104 indauja\/spinta su grioveliais, pilku MDF priekiu. Ji puikiai tiks tiek moderniuose, tiek klasikinio stiliaus kambariuose, suteikdama presti\u017eo ir harmoningo dizaino. Komplekte yra trys varstomos durys, u\u017e kuri\u0173 yra horizontalios lentynos. Trys erdv\u016bs stal\u010diai padidina bald\u0173 prakti\u0161kum\u0105. Apatin\u0117je indaujas turi auk\u0161tas (20 cm) juodo metalo kojeles ir pagrind\u0105. Spinteli\u0173 fasadai puo\u0161ti patraukliomis auksin\u0117mis rankenomis, pabr\u0117\u017eian\u010diomis kolekcijos charakter\u012f. Indauja pagaminta i\u0161 laminuotos baldin\u0117s plok\u0161t\u0117s, kuri pasi\u017eymi padidintu atsparumu \u012fbr\u0117\u017eimams. Auk\u0161tos kojel\u0117s leid\u017eia naudoti valymo robotus, kad patalpa b\u016bt\u0173 \u0161vari. Indauja yra to paties pavadinimo kolekcijos dalis, kuri\u0105 sudaro indauja, naktinis staliukas, kavos staliukas ir televizoriaus staliukas. Komplekt\u0105 taip pat galima \u012fsigyti su auksiniu pagrindu ir kojel\u0117mis. Nova komoda pristatoma i\u0161 anksto supakuota su ai\u0161kiomis surinkimo instrukcijomis.<\/p>","protected":false},"excerpt":{"rendered":"<p>Plotis: 154 cm<br \/>\nGylis: 39 cm<br \/>\nAuk\u0161tis: 83 cm<br \/>\nBald\u0173 spalva: pilka\/juoda<\/p>","protected":false},"featured_media":174219,"comment_status":"open","ping_status":"open","template":"","meta":[],"product_brand":[],"product_cat":[9567,1173,4635],"product_tag":[],"class_list":{"0":"post-174218","1":"product","2":"type-product","3":"status-publish","4":"has-post-thumbnail","6":"product_cat-furniture-system-nova-piaski","7":"product_cat-chests-of-drawers","8":"product_cat-piaski","10":"first","11":"instock","12":"purchasable","13":"product-type-simple"},"_links":{"self":[{"href":"https:\/\/baldumarket.lt\/lt\/wp-json\/wp\/v2\/product\/174218","targetHints":{"allow":["GET"]}}],"collection":[{"href":"https:\/\/baldumarket.lt\/lt\/wp-json\/wp\/v2\/product"}],"about":[{"href":"https:\/\/baldumarket.lt\/lt\/wp-json\/wp\/v2\/types\/product"}],"replies":[{"embeddable":true,"href":"https:\/\/baldumarket.lt\/lt\/wp-json\/wp\/v2\/comments?post=174218"}],"wp:featuredmedia":[{"embeddable":true,"href":"https:\/\/baldumarket.lt\/lt\/wp-json\/wp\/v2\/media\/174219"}],"wp:attachment":[{"href":"https:\/\/baldumarket.lt\/lt\/wp-json\/wp\/v2\/media?parent=174218"}],"wp:term":[{"taxonomy":"product_brand","embeddable":true,"href":"https:\/\/baldumarket.lt\/lt\/wp-json\/wp\/v2\/product_brand?post=174218"},{"taxonomy":"product_cat","embeddable":true,"href":"https:\/\/baldumarket.lt\/lt\/wp-json\/wp\/v2\/product_cat?post=174218"},{"taxonomy":"product_tag","embeddable":true,"href":"https:\/\/baldumarket.lt\/lt\/wp-json\/wp\/v2\/product_tag?post=174218"}],"curies":[{"name":"wp","href":"https:\/\/api.w.org\/{rel}","templated":true}]}}