{"id":174202,"date":"2025-12-20T12:32:26","date_gmt":"2025-12-20T09:32:26","guid":{"rendered":"https:\/\/baldumarket.lt\/product\/komoda-nova-ksz154-drzwi-szuflady-czarna-czarna-rama\/"},"modified":"2026-04-05T15:33:26","modified_gmt":"2026-04-05T12:33:26","slug":"komoda-nova-ksz154-drzwi-szuflady-czarna-czarna-rama","status":"publish","type":"product","link":"https:\/\/baldumarket.lt\/lt\/product\/komoda-nova-ksz154-drzwi-szuflady-czarna-czarna-rama\/","title":{"rendered":"Nova KSZ154 komoda, su stal\u010diais, durel\u0117mis, juoda \/ juodas r\u0117mas"},"content":{"rendered":"<p>Unikali \u201eNova KSZ104\u201c indauja su grioveliais, juodu priekiu, pagamintu i\u0161 patvarios MDF plok\u0161t\u0117s, puikiai tiks tiek moderniuose, tiek klasikinio stiliaus svetain\u0117se, suteikdama presti\u017eo ir harmoningo dizaino. Komplekt\u0105 sudaro trys varstomos durys, u\u017e kuri\u0173 yra horizontalios lentynos ir trys prakti\u0161ki stal\u010diai smulkiems daiktams, papuo\u0161alams ir nieku\u010diams susid\u0117ti. Apatin\u0117je dalyje yra eleganti\u0161kos, auk\u0161tos juodos kojel\u0117s (20 cm) su metaliniu pagrindu. Spinteli\u0173 fasadus puo\u0161ia patrauklios auksin\u0117s ranken\u0117l\u0117s, pabr\u0117\u017eian\u010dios kolekcijos charakter\u012f. Indauja pagaminta i\u0161 laminuotos baldin\u0117s plok\u0161t\u0117s, kuri pasi\u017eymi padidintu atsparumu \u012fbr\u0117\u017eimams. Auk\u0161tos kojel\u0117s leid\u017eia naudoti valymo robotus, kad po spintele b\u016bt\u0173 palaikoma \u0161vara. Indauja priklauso to paties pavadinimo kolekcijai, kuri\u0105 sudaro indauja, naktinis staliukas, kavos staliukas ir televizoriaus staliukas. \u201eNova\u201c indauja tiekiama supakuota ir prie jos pridedamos ai\u0161kios surinkimo instrukcijos. Baldai taip pat gali b\u016bti su auksiniu pagrindu ir kojel\u0117mis.<\/p>","protected":false},"excerpt":{"rendered":"<p>Plotis: 154 cm<br \/>\nGylis: 39 cm<br \/>\nAuk\u0161tis: 83 cm<br \/>\nBald\u0173 spalva: juoda<\/p>","protected":false},"featured_media":174203,"comment_status":"open","ping_status":"open","template":"","meta":[],"product_brand":[],"product_cat":[9567,1173,4635],"product_tag":[],"class_list":{"0":"post-174202","1":"product","2":"type-product","3":"status-publish","4":"has-post-thumbnail","6":"product_cat-furniture-system-nova-piaski","7":"product_cat-chests-of-drawers","8":"product_cat-piaski","10":"first","11":"instock","12":"purchasable","13":"product-type-simple"},"_links":{"self":[{"href":"https:\/\/baldumarket.lt\/lt\/wp-json\/wp\/v2\/product\/174202","targetHints":{"allow":["GET"]}}],"collection":[{"href":"https:\/\/baldumarket.lt\/lt\/wp-json\/wp\/v2\/product"}],"about":[{"href":"https:\/\/baldumarket.lt\/lt\/wp-json\/wp\/v2\/types\/product"}],"replies":[{"embeddable":true,"href":"https:\/\/baldumarket.lt\/lt\/wp-json\/wp\/v2\/comments?post=174202"}],"wp:featuredmedia":[{"embeddable":true,"href":"https:\/\/baldumarket.lt\/lt\/wp-json\/wp\/v2\/media\/174203"}],"wp:attachment":[{"href":"https:\/\/baldumarket.lt\/lt\/wp-json\/wp\/v2\/media?parent=174202"}],"wp:term":[{"taxonomy":"product_brand","embeddable":true,"href":"https:\/\/baldumarket.lt\/lt\/wp-json\/wp\/v2\/product_brand?post=174202"},{"taxonomy":"product_cat","embeddable":true,"href":"https:\/\/baldumarket.lt\/lt\/wp-json\/wp\/v2\/product_cat?post=174202"},{"taxonomy":"product_tag","embeddable":true,"href":"https:\/\/baldumarket.lt\/lt\/wp-json\/wp\/v2\/product_tag?post=174202"}],"curies":[{"name":"wp","href":"https:\/\/api.w.org\/{rel}","templated":true}]}}