{"id":174146,"date":"2025-12-20T12:31:18","date_gmt":"2025-12-20T09:31:18","guid":{"rendered":"https:\/\/baldumarket.lt\/product\/komoda-nova-ksz104-drzwi-szuflady-biala-zlota-rama\/"},"modified":"2026-04-05T15:33:16","modified_gmt":"2026-04-05T12:33:16","slug":"komoda-nova-ksz104-drzwi-szuflady-biala-zlota-rama","status":"publish","type":"product","link":"https:\/\/baldumarket.lt\/lt\/product\/komoda-nova-ksz104-drzwi-szuflady-biala-zlota-rama\/","title":{"rendered":"Nova KSZ104 komoda, su durel\u0117mis, baltas\/auksinis r\u0117mas"},"content":{"rendered":"<p>Unikali ir stulbinan\u010diai gra\u017ei komoda \u201eNova KSZ104\u201c puikiai tinka \u0161iuolaiki\u0161koms svetain\u0117ms ir darbo erdv\u0117ms. Ji puikiai der\u0117s tiek prie moderni\u0173, tiek prie klasikinio stiliaus erdvi\u0173, suteikdama elegancijos ir harmoning\u0173 form\u0173. Spintel\u0117s fasadai ir korpusas yra baltos spalvos, o pagrindas \u2013 auksinis. Spintel\u0117 turi dvi varstomas duris ir du erdvius stal\u010dius. Spintel\u0117s fasadus puo\u0161ia presti\u017ein\u0117s auksin\u0117s ranken\u0117l\u0117s, pabr\u0117\u017eian\u010dios kolekcijos charakter\u012f. Komoda pagaminta i\u0161 laminuotos baldin\u0117s plok\u0161t\u0117s, pasi\u017eymin\u010dios padidintu atsparumu \u012fbr\u0117\u017eimams. Auk\u0161tos kojel\u0117s (20 cm) leid\u017eia naudoti valymo robotus. Spintel\u0117 priklauso to paties pavadinimo bald\u0173 linijai, kuri\u0105 sudaro komodos, naktinis staliukas, kavos staliukas ir televizoriaus staliukas. Spintel\u0117 pristatoma i\u0161ardyta su ai\u0161kiomis surinkimo instrukcijomis. Komod\u0105 taip pat galima \u012fsigyti su juodu pagrindu ir kojel\u0117mis.<\/p>","protected":false},"excerpt":{"rendered":"<p>Plotis: 104 cm<br \/>\nGylis: 39 cm<br \/>\nAuk\u0161tis: 83 cm<br \/>\nBald\u0173 spalva: balta\/auksin\u0117<\/p>","protected":false},"featured_media":174147,"comment_status":"open","ping_status":"open","template":"","meta":[],"product_brand":[],"product_cat":[9567,1173,4635],"product_tag":[],"class_list":{"0":"post-174146","1":"product","2":"type-product","3":"status-publish","4":"has-post-thumbnail","6":"product_cat-furniture-system-nova-piaski","7":"product_cat-chests-of-drawers","8":"product_cat-piaski","10":"first","11":"instock","12":"purchasable","13":"product-type-simple"},"_links":{"self":[{"href":"https:\/\/baldumarket.lt\/lt\/wp-json\/wp\/v2\/product\/174146","targetHints":{"allow":["GET"]}}],"collection":[{"href":"https:\/\/baldumarket.lt\/lt\/wp-json\/wp\/v2\/product"}],"about":[{"href":"https:\/\/baldumarket.lt\/lt\/wp-json\/wp\/v2\/types\/product"}],"replies":[{"embeddable":true,"href":"https:\/\/baldumarket.lt\/lt\/wp-json\/wp\/v2\/comments?post=174146"}],"wp:featuredmedia":[{"embeddable":true,"href":"https:\/\/baldumarket.lt\/lt\/wp-json\/wp\/v2\/media\/174147"}],"wp:attachment":[{"href":"https:\/\/baldumarket.lt\/lt\/wp-json\/wp\/v2\/media?parent=174146"}],"wp:term":[{"taxonomy":"product_brand","embeddable":true,"href":"https:\/\/baldumarket.lt\/lt\/wp-json\/wp\/v2\/product_brand?post=174146"},{"taxonomy":"product_cat","embeddable":true,"href":"https:\/\/baldumarket.lt\/lt\/wp-json\/wp\/v2\/product_cat?post=174146"},{"taxonomy":"product_tag","embeddable":true,"href":"https:\/\/baldumarket.lt\/lt\/wp-json\/wp\/v2\/product_tag?post=174146"}],"curies":[{"name":"wp","href":"https:\/\/api.w.org\/{rel}","templated":true}]}}