{"id":174122,"date":"2025-12-20T12:30:48","date_gmt":"2025-12-20T09:30:48","guid":{"rendered":"https:\/\/baldumarket.lt\/product\/komoda-nova-k104-drzwi-szara-czarna-rama\/"},"modified":"2026-04-05T15:33:07","modified_gmt":"2026-04-05T12:33:07","slug":"komoda-nova-k104-drzwi-szara-czarna-rama","status":"publish","type":"product","link":"https:\/\/baldumarket.lt\/lt\/product\/komoda-nova-k104-drzwi-szara-czarna-rama\/","title":{"rendered":"Nova K104 komoda, su stal\u010diais, durel\u0117mis, pilku\/juodu r\u0117mu"},"content":{"rendered":"<p>Komoda \u201eNova KSZ104\u201c su grioveliais, pilku MDF priekiu yra puikus bald\u0173 pasirinkimas \u0161iuolaikin\u0117ms svetain\u0117ms ir darbo erdv\u0117ms. Ji puikiai der\u0117s tiek moderniose, tiek klasikinio stiliaus erdv\u0117se, suteikdama presti\u017eo ir harmoning\u0173 form\u0173. Komplekt\u0105 sudaro keturios varstomos durys, u\u017e kuri\u0173 slypi horizontalios lentynos. Apatin\u0117je dalyje yra auk\u0161tos, juodos metalin\u0117s kojel\u0117s (20 cm) su metaliniu pagrindu. Spinteli\u0173 fasadai puo\u0161ti patraukliomis auksin\u0117mis ranken\u0117l\u0117mis, pabr\u0117\u017eian\u010diomis kolekcijos charakter\u012f. Komoda pagaminta i\u0161 laminuotos baldin\u0117s plok\u0161t\u0117s, kuri pasi\u017eymi padidintu atsparumu \u012fbr\u0117\u017eimams. Auk\u0161tos kojel\u0117s leid\u017eia naudoti valymo robotus, kad spintel\u0117s apa\u010dia b\u016bt\u0173 \u0161vari. Spintel\u0117 priklauso to paties pavadinimo kolekcijai, kuri\u0105 sudaro komodos, naktinis staliukas, kavos staliukas ir televizoriaus staliukas. Komoda taip pat gali b\u016bti su auksiniu pagrindu ir kojel\u0117mis. Komoda \u201eNova\u201c pristatoma i\u0161 anksto supakuota su ai\u0161kiomis surinkimo instrukcijomis.<\/p>","protected":false},"excerpt":{"rendered":"<p>Plotis: 104 cm<br \/>\nGylis: 39 cm<br \/>\nAuk\u0161tis: 125 cm<br \/>\nBald\u0173 spalva: pilka\/juoda<\/p>","protected":false},"featured_media":174123,"comment_status":"open","ping_status":"open","template":"","meta":[],"product_brand":[],"product_cat":[9567,1173,4635],"product_tag":[],"class_list":{"0":"post-174122","1":"product","2":"type-product","3":"status-publish","4":"has-post-thumbnail","6":"product_cat-furniture-system-nova-piaski","7":"product_cat-chests-of-drawers","8":"product_cat-piaski","10":"first","11":"instock","12":"purchasable","13":"product-type-simple"},"_links":{"self":[{"href":"https:\/\/baldumarket.lt\/lt\/wp-json\/wp\/v2\/product\/174122","targetHints":{"allow":["GET"]}}],"collection":[{"href":"https:\/\/baldumarket.lt\/lt\/wp-json\/wp\/v2\/product"}],"about":[{"href":"https:\/\/baldumarket.lt\/lt\/wp-json\/wp\/v2\/types\/product"}],"replies":[{"embeddable":true,"href":"https:\/\/baldumarket.lt\/lt\/wp-json\/wp\/v2\/comments?post=174122"}],"wp:featuredmedia":[{"embeddable":true,"href":"https:\/\/baldumarket.lt\/lt\/wp-json\/wp\/v2\/media\/174123"}],"wp:attachment":[{"href":"https:\/\/baldumarket.lt\/lt\/wp-json\/wp\/v2\/media?parent=174122"}],"wp:term":[{"taxonomy":"product_brand","embeddable":true,"href":"https:\/\/baldumarket.lt\/lt\/wp-json\/wp\/v2\/product_brand?post=174122"},{"taxonomy":"product_cat","embeddable":true,"href":"https:\/\/baldumarket.lt\/lt\/wp-json\/wp\/v2\/product_cat?post=174122"},{"taxonomy":"product_tag","embeddable":true,"href":"https:\/\/baldumarket.lt\/lt\/wp-json\/wp\/v2\/product_tag?post=174122"}],"curies":[{"name":"wp","href":"https:\/\/api.w.org\/{rel}","templated":true}]}}