{"id":174114,"date":"2025-12-20T12:30:38","date_gmt":"2025-12-20T09:30:38","guid":{"rendered":"https:\/\/baldumarket.lt\/product\/komoda-nova-k104-drzwi-czarna-zlota-rama\/"},"modified":"2026-04-05T15:33:07","modified_gmt":"2026-04-05T12:33:07","slug":"komoda-nova-k104-drzwi-czarna-zlota-rama","status":"publish","type":"product","link":"https:\/\/baldumarket.lt\/lt\/product\/komoda-nova-k104-drzwi-czarna-zlota-rama\/","title":{"rendered":"Nova K104 komoda, su stal\u010diais, durel\u0117mis, juodo\/auksinio r\u0117mo"},"content":{"rendered":"<p>Unikali komoda \u201eNova KSZ104\u201c su grioveliais i\u0161 juodo MDF fasado puikiai dera prie \u0161iuolaikini\u0173 svetaini\u0173 ir darbo erdvi\u0173. Ji puikiai der\u0117s tiek prie moderni\u0173, tiek prie klasikinio stiliaus erdvi\u0173, suteikdama presti\u017eo ir harmoning\u0173 form\u0173. Komplekt\u0105 sudaro keturios varstomos durys, u\u017e kuri\u0173 slypi horizontalios lentynos. Apatin\u0117je dalyje yra auk\u0161tos auksin\u0117s kojel\u0117s (20 cm) su metaliniu pagrindu. Spinteli\u0173 fasadai puo\u0161ti presti\u017ein\u0117mis auksin\u0117mis ranken\u0117l\u0117mis, pabr\u0117\u017eian\u010diomis kolekcijos charakter\u012f. Komoda pagaminta i\u0161 laminuotos baldin\u0117s plok\u0161t\u0117s, kuri pasi\u017eymi padidintu atsparumu \u012fbr\u0117\u017eimams. Auk\u0161tos kojel\u0117s leid\u017eia naudoti valymo robotus. Spintel\u0117 priklauso to paties pavadinimo bald\u0173 linijai, kuri\u0105 sudaro komodos, naktinis staliukas, kavos staliukas ir televizoriaus staliukas. Spintel\u0117 pristatoma i\u0161ardyta su ai\u0161kiomis surinkimo instrukcijomis. Komoda taip pat gali b\u016bti su juodu pagrindu ir kojel\u0117mis.<\/p>","protected":false},"excerpt":{"rendered":"<p>Plotis: 104 cm<br \/>\nGylis: 39 cm<br \/>\nAuk\u0161tis: 125 cm<br \/>\nBald\u0173 spalva: juoda\/auksin\u0117<\/p>","protected":false},"featured_media":174115,"comment_status":"open","ping_status":"open","template":"","meta":[],"product_brand":[],"product_cat":[9567,1173,4635],"product_tag":[],"class_list":{"0":"post-174114","1":"product","2":"type-product","3":"status-publish","4":"has-post-thumbnail","6":"product_cat-furniture-system-nova-piaski","7":"product_cat-chests-of-drawers","8":"product_cat-piaski","10":"first","11":"instock","12":"purchasable","13":"product-type-simple"},"_links":{"self":[{"href":"https:\/\/baldumarket.lt\/lt\/wp-json\/wp\/v2\/product\/174114","targetHints":{"allow":["GET"]}}],"collection":[{"href":"https:\/\/baldumarket.lt\/lt\/wp-json\/wp\/v2\/product"}],"about":[{"href":"https:\/\/baldumarket.lt\/lt\/wp-json\/wp\/v2\/types\/product"}],"replies":[{"embeddable":true,"href":"https:\/\/baldumarket.lt\/lt\/wp-json\/wp\/v2\/comments?post=174114"}],"wp:featuredmedia":[{"embeddable":true,"href":"https:\/\/baldumarket.lt\/lt\/wp-json\/wp\/v2\/media\/174115"}],"wp:attachment":[{"href":"https:\/\/baldumarket.lt\/lt\/wp-json\/wp\/v2\/media?parent=174114"}],"wp:term":[{"taxonomy":"product_brand","embeddable":true,"href":"https:\/\/baldumarket.lt\/lt\/wp-json\/wp\/v2\/product_brand?post=174114"},{"taxonomy":"product_cat","embeddable":true,"href":"https:\/\/baldumarket.lt\/lt\/wp-json\/wp\/v2\/product_cat?post=174114"},{"taxonomy":"product_tag","embeddable":true,"href":"https:\/\/baldumarket.lt\/lt\/wp-json\/wp\/v2\/product_tag?post=174114"}],"curies":[{"name":"wp","href":"https:\/\/api.w.org\/{rel}","templated":true}]}}