{"id":174090,"date":"2025-12-20T12:30:08","date_gmt":"2025-12-20T09:30:08","guid":{"rendered":"https:\/\/baldumarket.lt\/product\/komoda-nova-k104-drzwi-biala-czarna-rama\/"},"modified":"2026-04-05T15:33:07","modified_gmt":"2026-04-05T12:33:07","slug":"komoda-nova-k104-drzwi-biala-czarna-rama","status":"publish","type":"product","link":"https:\/\/baldumarket.lt\/lt\/product\/komoda-nova-k104-drzwi-biala-czarna-rama\/","title":{"rendered":"Nova K104 komoda, su stal\u010diais, durel\u0117mis, baltu\/juodu r\u0117mu"},"content":{"rendered":"<p>Unikali komoda \u201eNova KSZ104\u201c puikiai dera tiek prie moderni\u0173, tiek prie klasikinio stiliaus erdvi\u0173. Ji puikiai tiks tiek prie moderni\u0173, tiek prie klasikinio stiliaus erdvi\u0173, suteikdama baldui presti\u017eo ir harmoning\u0173 form\u0173. Bald\u0173 fasadai ir korpusas yra baltos spalvos, o r\u0117mas ir kojel\u0117s \u2013 juodos. Komplekte yra keturios varstomos durys, u\u017e kuri\u0173 yra horizontalios lentynos. Spinteli\u0173 fasadus puo\u0161ia presti\u017ein\u0117s auksin\u0117s ranken\u0117l\u0117s, i\u0161d\u0117stytos ant grioveli\u0173 MDF plok\u0161t\u0117s, pabr\u0117\u017eian\u010dios kolekcijos charakter\u012f. Komoda pagaminta i\u0161 laminuotos bald\u0173 plok\u0161t\u0117s, pasi\u017eymin\u010dios padidintu atsparumu \u012fbr\u0117\u017eimams. Auk\u0161tos kojel\u0117s (20 cm) leid\u017eia naudoti valymo robotus. Spintel\u0117 priklauso to paties pavadinimo bald\u0173 linijai, kuri\u0105 sudaro komodos, naktinis staliukas, kavos staliukas ir televizoriaus staliukas. Baldas pristatomas i\u0161ardytas su ai\u0161kiomis surinkimo instrukcijomis. Komoda taip pat gali b\u016bti su juodu pagrindu ir kojel\u0117mis.<\/p>","protected":false},"excerpt":{"rendered":"<p>Plotis: 104 cm<br \/>\nGylis: 39 cm<br \/>\nAuk\u0161tis: 125 cm<br \/>\nBald\u0173 spalva: balta\/juoda<\/p>","protected":false},"featured_media":174091,"comment_status":"open","ping_status":"open","template":"","meta":[],"product_brand":[],"product_cat":[9567,1173,4635],"product_tag":[],"class_list":{"0":"post-174090","1":"product","2":"type-product","3":"status-publish","4":"has-post-thumbnail","6":"product_cat-furniture-system-nova-piaski","7":"product_cat-chests-of-drawers","8":"product_cat-piaski","10":"first","11":"instock","12":"purchasable","13":"product-type-simple"},"_links":{"self":[{"href":"https:\/\/baldumarket.lt\/lt\/wp-json\/wp\/v2\/product\/174090","targetHints":{"allow":["GET"]}}],"collection":[{"href":"https:\/\/baldumarket.lt\/lt\/wp-json\/wp\/v2\/product"}],"about":[{"href":"https:\/\/baldumarket.lt\/lt\/wp-json\/wp\/v2\/types\/product"}],"replies":[{"embeddable":true,"href":"https:\/\/baldumarket.lt\/lt\/wp-json\/wp\/v2\/comments?post=174090"}],"wp:featuredmedia":[{"embeddable":true,"href":"https:\/\/baldumarket.lt\/lt\/wp-json\/wp\/v2\/media\/174091"}],"wp:attachment":[{"href":"https:\/\/baldumarket.lt\/lt\/wp-json\/wp\/v2\/media?parent=174090"}],"wp:term":[{"taxonomy":"product_brand","embeddable":true,"href":"https:\/\/baldumarket.lt\/lt\/wp-json\/wp\/v2\/product_brand?post=174090"},{"taxonomy":"product_cat","embeddable":true,"href":"https:\/\/baldumarket.lt\/lt\/wp-json\/wp\/v2\/product_cat?post=174090"},{"taxonomy":"product_tag","embeddable":true,"href":"https:\/\/baldumarket.lt\/lt\/wp-json\/wp\/v2\/product_tag?post=174090"}],"curies":[{"name":"wp","href":"https:\/\/api.w.org\/{rel}","templated":true}]}}