{"id":174074,"date":"2025-12-20T12:29:47","date_gmt":"2025-12-20T09:29:47","guid":{"rendered":"https:\/\/baldumarket.lt\/product\/komoda-nordi-nkz107-drzwi-biala-dab-riviera\/"},"modified":"2026-04-05T16:08:10","modified_gmt":"2026-04-05T13:08:10","slug":"komoda-nordi-nkz107-drzwi-biala-dab-riviera","status":"publish","type":"product","link":"https:\/\/baldumarket.lt\/lt\/product\/komoda-nordi-nkz107-drzwi-biala-dab-riviera\/","title":{"rendered":"Nordi NKZ107 komoda, durel\u0117mis, balta\/Rivjeros \u0105\u017euolas"},"content":{"rendered":"<p>I\u0161 anksto supakuota keturi\u0173 dureli\u0173 \u201eNordi NKZ107 White\/Riviera Oak\u201c komoda \u017eavi moderniu stiliumi, pasi\u017eymin\u010diais ry\u0161kiais skandinavi\u0161ko dizaino akcentais. Komplekte yra keturios varstomos durel\u0117s, u\u017e kuri\u0173 slypi horizontalios lentynos. Auk\u0161tos medin\u0117s kojel\u0117s (20 cm) komplekto apa\u010dioje suteikia lengvumo ir originalumo. \u0160ios kojel\u0117s leid\u017eia naudoti valymo robotus spintel\u0117s apa\u010diai valyti. \u0160i erdvi komoda pagaminta i\u0161 laminuotos baldin\u0117s plok\u0161t\u0117s, kuri pasi\u017eymi padidintu atsparumu \u012fbr\u0117\u017eimams, o fasadai \u2013 patvarios MDF plok\u0161t\u0117s. Spintel\u0117 priklauso to paties pavadinimo kolekcijai, kuri\u0105 sudaro komodos, spinta, stalas, lentyna, televizoriaus staliukai ir kavos staliukas. Komoda pristatoma supakuota su lengvai suprantamomis surinkimo instrukcijomis. Taip pat galima \u012fsigyti \u201eArtisan Oak\/Black\u201c spalv\u0173.<\/p>","protected":false},"excerpt":{"rendered":"<p>Plotis: 107 cm<br \/>\nGylis: 40 cm<br \/>\n\u016agis: 134 cm<br \/>\nBald\u0173 spalva: balta \/ Riviera Oak \/ blizgi balta<\/p>","protected":false},"featured_media":174075,"comment_status":"open","ping_status":"open","template":"","meta":[],"product_brand":[],"product_cat":[9572,1173,9115,4635],"product_tag":[],"class_list":{"0":"post-174074","1":"product","2":"type-product","3":"status-publish","4":"has-post-thumbnail","6":"product_cat-furniture-system-nordi-piaski","7":"product_cat-chests-of-drawers","8":"product_cat-nordi","9":"product_cat-piaski","11":"first","12":"instock","13":"purchasable","14":"product-type-simple"},"_links":{"self":[{"href":"https:\/\/baldumarket.lt\/lt\/wp-json\/wp\/v2\/product\/174074","targetHints":{"allow":["GET"]}}],"collection":[{"href":"https:\/\/baldumarket.lt\/lt\/wp-json\/wp\/v2\/product"}],"about":[{"href":"https:\/\/baldumarket.lt\/lt\/wp-json\/wp\/v2\/types\/product"}],"replies":[{"embeddable":true,"href":"https:\/\/baldumarket.lt\/lt\/wp-json\/wp\/v2\/comments?post=174074"}],"wp:featuredmedia":[{"embeddable":true,"href":"https:\/\/baldumarket.lt\/lt\/wp-json\/wp\/v2\/media\/174075"}],"wp:attachment":[{"href":"https:\/\/baldumarket.lt\/lt\/wp-json\/wp\/v2\/media?parent=174074"}],"wp:term":[{"taxonomy":"product_brand","embeddable":true,"href":"https:\/\/baldumarket.lt\/lt\/wp-json\/wp\/v2\/product_brand?post=174074"},{"taxonomy":"product_cat","embeddable":true,"href":"https:\/\/baldumarket.lt\/lt\/wp-json\/wp\/v2\/product_cat?post=174074"},{"taxonomy":"product_tag","embeddable":true,"href":"https:\/\/baldumarket.lt\/lt\/wp-json\/wp\/v2\/product_tag?post=174074"}],"curies":[{"name":"wp","href":"https:\/\/api.w.org\/{rel}","templated":true}]}}