{"id":174058,"date":"2025-12-20T12:29:29","date_gmt":"2025-12-20T09:29:29","guid":{"rendered":"https:\/\/baldumarket.lt\/product\/komoda-nordi-nksz160-drzwi-szuflady-biala-dab-riviera\/"},"modified":"2026-04-05T16:08:00","modified_gmt":"2026-04-05T13:08:00","slug":"komoda-nordi-nksz160-drzwi-szuflady-biala-dab-riviera","status":"publish","type":"product","link":"https:\/\/baldumarket.lt\/lt\/product\/komoda-nordi-nksz160-drzwi-szuflady-biala-dab-riviera\/","title":{"rendered":"Nordi NKSZ160 komoda, durel\u0117mis, balta\/Rivjeros \u0105\u017euolas"},"content":{"rendered":"<p>\u201eNordi NKSZ160\u201c komoda su durel\u0117mis ir stal\u010diais, pasi\u017eyminti moderniu charakteriu ir skandinavi\u0161ko dizaino elementais, puikiai tiks \u0161iuolaiki\u0161kuose svetain\u0117se ir poilsio kambariuose. Komplekt\u0105 sudaro dvejos varstomos durys, u\u017e kuri\u0173 yra horizontalios lentynos, ir trys prakti\u0161ki stal\u010diai smulkiems daiktams, papuo\u0161alams ir nieku\u010diams susid\u0117ti. Apatin\u0117je dalyje yra auk\u0161tos (20 cm) medin\u0117s kojel\u0117s, suteikian\u010dios lengvumo ir originalumo. \u0160ios kojel\u0117s leid\u017eia naudoti valymo robotus valyti po spintele. Indauja pagaminta i\u0161 laminuotos bald\u0173 plok\u0161t\u0117s, pasi\u017eymin\u010dios padidintu atsparumu \u012fbr\u0117\u017eimams, ir patvariais MDF fasadais. Spintel\u0117 priklauso to paties pavadinimo kolekcijai, kuri\u0105 sudaro komodos, spinta, stalas, lentyna, televizoriaus staliukai ir kavos staliukas. Komoda pristatoma supakuota su lengvai suprantamomis surinkimo instrukcijomis.<\/p>","protected":false},"excerpt":{"rendered":"<p>Plotis: 160 cm<br \/>\nGylis: 40 cm<br \/>\nAuk\u0161tis: 83 cm<br \/>\nBald\u0173 spalva: balta \/ Riviera Oak \/ blizgi balta<\/p>","protected":false},"featured_media":174059,"comment_status":"open","ping_status":"open","template":"","meta":[],"product_brand":[],"product_cat":[9572,1173,9115,4635],"product_tag":[],"class_list":{"0":"post-174058","1":"product","2":"type-product","3":"status-publish","4":"has-post-thumbnail","6":"product_cat-furniture-system-nordi-piaski","7":"product_cat-chests-of-drawers","8":"product_cat-nordi","9":"product_cat-piaski","11":"first","12":"instock","13":"purchasable","14":"product-type-simple"},"_links":{"self":[{"href":"https:\/\/baldumarket.lt\/lt\/wp-json\/wp\/v2\/product\/174058","targetHints":{"allow":["GET"]}}],"collection":[{"href":"https:\/\/baldumarket.lt\/lt\/wp-json\/wp\/v2\/product"}],"about":[{"href":"https:\/\/baldumarket.lt\/lt\/wp-json\/wp\/v2\/types\/product"}],"replies":[{"embeddable":true,"href":"https:\/\/baldumarket.lt\/lt\/wp-json\/wp\/v2\/comments?post=174058"}],"wp:featuredmedia":[{"embeddable":true,"href":"https:\/\/baldumarket.lt\/lt\/wp-json\/wp\/v2\/media\/174059"}],"wp:attachment":[{"href":"https:\/\/baldumarket.lt\/lt\/wp-json\/wp\/v2\/media?parent=174058"}],"wp:term":[{"taxonomy":"product_brand","embeddable":true,"href":"https:\/\/baldumarket.lt\/lt\/wp-json\/wp\/v2\/product_brand?post=174058"},{"taxonomy":"product_cat","embeddable":true,"href":"https:\/\/baldumarket.lt\/lt\/wp-json\/wp\/v2\/product_cat?post=174058"},{"taxonomy":"product_tag","embeddable":true,"href":"https:\/\/baldumarket.lt\/lt\/wp-json\/wp\/v2\/product_tag?post=174058"}],"curies":[{"name":"wp","href":"https:\/\/api.w.org\/{rel}","templated":true}]}}