{"id":174036,"date":"2025-12-20T12:29:04","date_gmt":"2025-12-20T09:29:04","guid":{"rendered":"https:\/\/baldumarket.lt\/product\/komoda-nelly-3d-drzwi-szuflady-szara-dab-artisan\/"},"modified":"2026-04-05T16:26:29","modified_gmt":"2026-04-05T13:26:29","slug":"komoda-nelly-3d-drzwi-szuflady-szara-dab-artisan","status":"publish","type":"product","link":"https:\/\/baldumarket.lt\/lt\/product\/komoda-nelly-3d-drzwi-szuflady-szara-dab-artisan\/","title":{"rendered":"Nelly 3D komoda, durel\u0117s, pilka\/artisan \u0105\u017euolas"},"content":{"rendered":"<p>Didel\u0117 ir erdvi \u201eNelly 3D\u201c komoda su durel\u0117mis ir stal\u010diais, pilkos spalvos ir \u0105\u017euolo groteli\u0173 apdaila, bus tikras \u0161iuolaikini\u0173 miegam\u0173j\u0173, svetaini\u0173, prie\u0161kambario, taip pat koridori\u0173 ir koridori\u0173 papildymas. Baldas pagamintas i\u0161 \u012fbr\u0117\u017eimams atsparios laminuotos plok\u0161t\u0117s, kuri yra atsparesn\u0117 \u012fbr\u0117\u017eimams ir lengvai valoma. Komplekte yra dvi varstomos durys, u\u017e kuri\u0173 erdv\u0119 padalija horizontali lentyna. Trys erdv\u016bs stal\u010diai su patogiomis rankenomis u\u017etikrina tvarking\u0105 smulki\u0173 daikt\u0173, mantos ir nieku\u010di\u0173 laikym\u0105. Komplektas i\u0161siskiria spalv\u0173 gama ir eleganti\u0161ka groteli\u0173 apdaila. Komoda su durel\u0117mis ir stal\u010diais pristatoma paruo\u0161ta surinkti, su ai\u0161kiomis instrukcijomis ir furnit\u016bra.<\/p>","protected":false},"excerpt":{"rendered":"<p>Plotis: 155 cm<br \/>\nGylis: 45 cm<br \/>\nAuk\u0161tis: 86 cm<br \/>\nBald\u0173 spalva: pilka \/ \u0105\u017euolo imitacija<\/p>","protected":false},"featured_media":174037,"comment_status":"open","ping_status":"open","template":"","meta":[],"product_brand":[],"product_cat":[9571,1173,4635],"product_tag":[],"class_list":{"0":"post-174036","1":"product","2":"type-product","3":"status-publish","4":"has-post-thumbnail","6":"product_cat-wardrobes-nelly-piaski","7":"product_cat-chests-of-drawers","8":"product_cat-piaski","10":"first","11":"instock","12":"purchasable","13":"product-type-simple"},"_links":{"self":[{"href":"https:\/\/baldumarket.lt\/lt\/wp-json\/wp\/v2\/product\/174036","targetHints":{"allow":["GET"]}}],"collection":[{"href":"https:\/\/baldumarket.lt\/lt\/wp-json\/wp\/v2\/product"}],"about":[{"href":"https:\/\/baldumarket.lt\/lt\/wp-json\/wp\/v2\/types\/product"}],"replies":[{"embeddable":true,"href":"https:\/\/baldumarket.lt\/lt\/wp-json\/wp\/v2\/comments?post=174036"}],"wp:featuredmedia":[{"embeddable":true,"href":"https:\/\/baldumarket.lt\/lt\/wp-json\/wp\/v2\/media\/174037"}],"wp:attachment":[{"href":"https:\/\/baldumarket.lt\/lt\/wp-json\/wp\/v2\/media?parent=174036"}],"wp:term":[{"taxonomy":"product_brand","embeddable":true,"href":"https:\/\/baldumarket.lt\/lt\/wp-json\/wp\/v2\/product_brand?post=174036"},{"taxonomy":"product_cat","embeddable":true,"href":"https:\/\/baldumarket.lt\/lt\/wp-json\/wp\/v2\/product_cat?post=174036"},{"taxonomy":"product_tag","embeddable":true,"href":"https:\/\/baldumarket.lt\/lt\/wp-json\/wp\/v2\/product_tag?post=174036"}],"curies":[{"name":"wp","href":"https:\/\/api.w.org\/{rel}","templated":true}]}}