{"id":174024,"date":"2025-12-20T12:28:49","date_gmt":"2025-12-20T09:28:49","guid":{"rendered":"https:\/\/baldumarket.lt\/product\/komoda-nelly-3d-drzwi-szuflady-dab-artisan-czarny\/"},"modified":"2026-04-05T16:26:19","modified_gmt":"2026-04-05T13:26:19","slug":"komoda-nelly-3d-drzwi-szuflady-dab-artisan-czarny","status":"publish","type":"product","link":"https:\/\/baldumarket.lt\/lt\/product\/komoda-nelly-3d-drzwi-szuflady-dab-artisan-czarny\/","title":{"rendered":"Nelly 3D komoda, durel\u0117s, stal\u010diai, Artisan \u0105\u017euolo\/juodos spalvos"},"content":{"rendered":"<p>Didel\u0117 \u201eNelly 3D\u201c komoda su durel\u0117mis ir stal\u010diais, pagaminta i\u0161 \u0161iltos \u201eArtisan Oak\u201c spalvos su juodomis lentjuost\u0117mis, bus tikras \u0161iuolaikini\u0173 miegam\u0173j\u0173, svetaini\u0173, prie\u0161kambario, taip pat koridori\u0173 ir koridori\u0173 papildymas. Baldas pagamintas i\u0161 \u012fbr\u0117\u017eimams atsparios laminuotos plok\u0161t\u0117s, kuri yra atspari \u012fbr\u0117\u017eimams ir lengvai valoma. Komplekte yra dvi varstomos durys, u\u017e kuri\u0173 erdv\u0119 dalija horizontali lentyna. Trys erdv\u016bs ir labai prakti\u0161ki stal\u010diai, esantys spintel\u0117s centre, u\u017etikrina tvarking\u0105 smulki\u0173 daikt\u0173, mantos ir nieku\u010di\u0173 laikym\u0105. Komplektas i\u0161siskiria spalv\u0173 gama ir eleganti\u0161komis lentjuost\u0117mis. Komoda su durel\u0117mis ir stal\u010diais pristatoma paruo\u0161ta savaranki\u0161kam surinkimui, su ai\u0161kiomis instrukcijomis ir furnit\u016bra. Komoda taip pat yra pilkos \/ \u201eArtisan Oak\u201c ir grafito \/ \u201eArtisan Oak\u201c spalv\u0173.<\/p>","protected":false},"excerpt":{"rendered":"<p>Plotis: 155 cm<br \/>\nGylis: 45 cm<br \/>\nAuk\u0161tis: 86 cm<br \/>\nBald\u0173 spalva: Artisan \u0105\u017euolas \/ juoda<\/p>","protected":false},"featured_media":174025,"comment_status":"open","ping_status":"open","template":"","meta":[],"product_brand":[],"product_cat":[9571,1173,4635],"product_tag":[],"class_list":{"0":"post-174024","1":"product","2":"type-product","3":"status-publish","4":"has-post-thumbnail","6":"product_cat-wardrobes-nelly-piaski","7":"product_cat-chests-of-drawers","8":"product_cat-piaski","10":"first","11":"instock","12":"purchasable","13":"product-type-simple"},"_links":{"self":[{"href":"https:\/\/baldumarket.lt\/lt\/wp-json\/wp\/v2\/product\/174024","targetHints":{"allow":["GET"]}}],"collection":[{"href":"https:\/\/baldumarket.lt\/lt\/wp-json\/wp\/v2\/product"}],"about":[{"href":"https:\/\/baldumarket.lt\/lt\/wp-json\/wp\/v2\/types\/product"}],"replies":[{"embeddable":true,"href":"https:\/\/baldumarket.lt\/lt\/wp-json\/wp\/v2\/comments?post=174024"}],"wp:featuredmedia":[{"embeddable":true,"href":"https:\/\/baldumarket.lt\/lt\/wp-json\/wp\/v2\/media\/174025"}],"wp:attachment":[{"href":"https:\/\/baldumarket.lt\/lt\/wp-json\/wp\/v2\/media?parent=174024"}],"wp:term":[{"taxonomy":"product_brand","embeddable":true,"href":"https:\/\/baldumarket.lt\/lt\/wp-json\/wp\/v2\/product_brand?post=174024"},{"taxonomy":"product_cat","embeddable":true,"href":"https:\/\/baldumarket.lt\/lt\/wp-json\/wp\/v2\/product_cat?post=174024"},{"taxonomy":"product_tag","embeddable":true,"href":"https:\/\/baldumarket.lt\/lt\/wp-json\/wp\/v2\/product_tag?post=174024"}],"curies":[{"name":"wp","href":"https:\/\/api.w.org\/{rel}","templated":true}]}}