{"id":174012,"date":"2025-12-20T12:28:34","date_gmt":"2025-12-20T09:28:34","guid":{"rendered":"https:\/\/baldumarket.lt\/product\/komoda-nelly-2d-drzwi-szuflady-grafit-dab-artisan\/"},"modified":"2026-04-05T16:26:19","modified_gmt":"2026-04-05T13:26:19","slug":"komoda-nelly-2d-drzwi-szuflady-grafit-dab-artisan","status":"publish","type":"product","link":"https:\/\/baldumarket.lt\/lt\/product\/komoda-nelly-2d-drzwi-szuflady-grafit-dab-artisan\/","title":{"rendered":"Nelly 2D komoda, grafito\/artisan \u0105\u017euolo spalvos"},"content":{"rendered":"<p>Dizainerio kurta komoda \u201eNelly 2D\u201c su durel\u0117mis ir stal\u010diais, grafito pilkos spalvos ir meni\u0161ko \u0105\u017euolo lenteli\u0173, bus tikras \u0161iuolaikini\u0173 miegam\u0173j\u0173, svetaini\u0173, prie\u0161kambario, taip pat koridori\u0173 ir koridori\u0173 papildymas. Baldas pagamintas i\u0161 \u012fbr\u0117\u017eimams atsparios laminuotos plok\u0161t\u0117s, tod\u0117l yra atsparus \u012fbr\u0117\u017eimams ir lengvai valomas. Komplekt\u0105 sudaro vienos varstomos durys ir trys prakti\u0161ki stal\u010diai su patogiomis rankenomis. Komplektas i\u0161siskiria savo spalv\u0173 gama ir eleganti\u0161komis lentel\u0117mis. Komoda su durel\u0117mis ir stal\u010diais pristatoma plok\u0161\u010diai supakuota, kartu su ai\u0161kiomis surinkimo instrukcijomis ir furnit\u016bra.<\/p>","protected":false},"excerpt":{"rendered":"<p>Plotis: 105 cm<br \/>\nGylis: 45 cm<br \/>\nAuk\u0161tis: 86 cm<br \/>\nBald\u0173 spalva: Artisan \u0105\u017euolas \/ juoda<\/p>","protected":false},"featured_media":174013,"comment_status":"open","ping_status":"open","template":"","meta":[],"product_brand":[],"product_cat":[9571,1173,4635],"product_tag":[],"class_list":{"0":"post-174012","1":"product","2":"type-product","3":"status-publish","4":"has-post-thumbnail","6":"product_cat-wardrobes-nelly-piaski","7":"product_cat-chests-of-drawers","8":"product_cat-piaski","10":"first","11":"instock","12":"purchasable","13":"product-type-simple"},"_links":{"self":[{"href":"https:\/\/baldumarket.lt\/lt\/wp-json\/wp\/v2\/product\/174012","targetHints":{"allow":["GET"]}}],"collection":[{"href":"https:\/\/baldumarket.lt\/lt\/wp-json\/wp\/v2\/product"}],"about":[{"href":"https:\/\/baldumarket.lt\/lt\/wp-json\/wp\/v2\/types\/product"}],"replies":[{"embeddable":true,"href":"https:\/\/baldumarket.lt\/lt\/wp-json\/wp\/v2\/comments?post=174012"}],"wp:featuredmedia":[{"embeddable":true,"href":"https:\/\/baldumarket.lt\/lt\/wp-json\/wp\/v2\/media\/174013"}],"wp:attachment":[{"href":"https:\/\/baldumarket.lt\/lt\/wp-json\/wp\/v2\/media?parent=174012"}],"wp:term":[{"taxonomy":"product_brand","embeddable":true,"href":"https:\/\/baldumarket.lt\/lt\/wp-json\/wp\/v2\/product_brand?post=174012"},{"taxonomy":"product_cat","embeddable":true,"href":"https:\/\/baldumarket.lt\/lt\/wp-json\/wp\/v2\/product_cat?post=174012"},{"taxonomy":"product_tag","embeddable":true,"href":"https:\/\/baldumarket.lt\/lt\/wp-json\/wp\/v2\/product_tag?post=174012"}],"curies":[{"name":"wp","href":"https:\/\/api.w.org\/{rel}","templated":true}]}}