{"id":174006,"date":"2025-12-20T12:28:27","date_gmt":"2025-12-20T09:28:27","guid":{"rendered":"https:\/\/baldumarket.lt\/product\/komoda-nelly-2d-drzwi-szuflady-dab-artisan-czarny\/"},"modified":"2026-04-05T16:26:19","modified_gmt":"2026-04-05T13:26:19","slug":"komoda-nelly-2d-drzwi-szuflady-dab-artisan-czarny","status":"publish","type":"product","link":"https:\/\/baldumarket.lt\/lt\/product\/komoda-nelly-2d-drzwi-szuflady-dab-artisan-czarny\/","title":{"rendered":"Nelly 2D komoda, durel\u0117s, stal\u010diai, Artisan \u0105\u017euolo\/juodos spalvos"},"content":{"rendered":"<p>\u201eNelly 2-D\u201c komoda, \u201eArtisan Oak\u201c spalvos su juodomis lentjuost\u0117mis, bus tikras \u0161iuolaikini\u0173 miegam\u0173j\u0173, svetaini\u0173, prie\u0161kambario, koridoriaus ir koridoriaus akcentas. Baldas pagamintas i\u0161 \u012fbr\u0117\u017eimams atsparios laminuotos plok\u0161t\u0117s, tod\u0117l yra atsparus \u012fbr\u0117\u017eimams ir lengvai valomas. Komplekte yra varstomos durys ir trys prakti\u0161ki stal\u010diai su patogiomis rankenomis. Komplektas i\u0161siskiria spalv\u0173 gama ir eleganti\u0161komis, dizaineri\u0173 kurtomis lentomis. Komoda, \u012fskaitant duris ir stal\u010dius, pristatoma plok\u0161\u010diai supakuota, su ai\u0161kiomis surinkimo instrukcijomis ir furnit\u016bra.<\/p>","protected":false},"excerpt":{"rendered":"<p>Plotis: 105 cm<br \/>\nGylis: 45 cm<br \/>\nAuk\u0161tis: 86 cm<br \/>\nBald\u0173 spalva: Artisan \u0105\u017euolas \/ juoda<\/p>","protected":false},"featured_media":174007,"comment_status":"open","ping_status":"open","template":"","meta":[],"product_brand":[],"product_cat":[9571,1173,4635],"product_tag":[],"class_list":{"0":"post-174006","1":"product","2":"type-product","3":"status-publish","4":"has-post-thumbnail","6":"product_cat-wardrobes-nelly-piaski","7":"product_cat-chests-of-drawers","8":"product_cat-piaski","10":"first","11":"instock","12":"purchasable","13":"product-type-simple"},"_links":{"self":[{"href":"https:\/\/baldumarket.lt\/lt\/wp-json\/wp\/v2\/product\/174006","targetHints":{"allow":["GET"]}}],"collection":[{"href":"https:\/\/baldumarket.lt\/lt\/wp-json\/wp\/v2\/product"}],"about":[{"href":"https:\/\/baldumarket.lt\/lt\/wp-json\/wp\/v2\/types\/product"}],"replies":[{"embeddable":true,"href":"https:\/\/baldumarket.lt\/lt\/wp-json\/wp\/v2\/comments?post=174006"}],"wp:featuredmedia":[{"embeddable":true,"href":"https:\/\/baldumarket.lt\/lt\/wp-json\/wp\/v2\/media\/174007"}],"wp:attachment":[{"href":"https:\/\/baldumarket.lt\/lt\/wp-json\/wp\/v2\/media?parent=174006"}],"wp:term":[{"taxonomy":"product_brand","embeddable":true,"href":"https:\/\/baldumarket.lt\/lt\/wp-json\/wp\/v2\/product_brand?post=174006"},{"taxonomy":"product_cat","embeddable":true,"href":"https:\/\/baldumarket.lt\/lt\/wp-json\/wp\/v2\/product_cat?post=174006"},{"taxonomy":"product_tag","embeddable":true,"href":"https:\/\/baldumarket.lt\/lt\/wp-json\/wp\/v2\/product_tag?post=174006"}],"curies":[{"name":"wp","href":"https:\/\/api.w.org\/{rel}","templated":true}]}}