{"id":173990,"date":"2025-12-20T12:28:08","date_gmt":"2025-12-20T09:28:08","guid":{"rendered":"https:\/\/baldumarket.lt\/product\/komoda-mono-mksz154-drzwi-szuflady-granatowa-czarna-rama\/"},"modified":"2026-04-05T15:33:07","modified_gmt":"2026-04-05T12:33:07","slug":"komoda-mono-mksz154-drzwi-szuflady-granatowa-czarna-rama","status":"publish","type":"product","link":"https:\/\/baldumarket.lt\/lt\/product\/komoda-mono-mksz154-drzwi-szuflady-granatowa-czarna-rama\/","title":{"rendered":"Mono MKSZ154 komoda, durel\u0117s, stal\u010diai, tamsiai m\u0117lyna\/juoda r\u0117meliu"},"content":{"rendered":"<p>Didel\u0117 ir erdvi \u201eMono MKSZ154\u201c komoda \u2013 puikus pasirinkimas \u0161iuolaiki\u0161koms svetain\u0117ms ir darbo erdv\u0117ms. Spintel\u0117s fasadai ir korpusas nuda\u017eyti matine tamsiai m\u0117lyna spalva, o pagrindas \u2013 juodas. Spintel\u0119 sudaro trys erdvios spintel\u0117s su varstomomis durel\u0117mis ir trys prakti\u0161ki stal\u010diai. Spinteli\u0173 fasadai papuo\u0161ti presti\u017ein\u0117mis auksin\u0117mis ranken\u0117l\u0117mis, pabr\u0117\u017eian\u010diomis komplekto charakter\u012f. Komoda pagaminta i\u0161 laminuotos baldin\u0117s plok\u0161t\u0117s, kuri yra atsparesn\u0117 \u012fbr\u0117\u017eimams. Auk\u0161tos spintel\u0117s kojel\u0117s leid\u017eia naudoti valymo robotus. Spintel\u0117 priklauso to paties pavadinimo bald\u0173 programai, kuri\u0105 sudaro komodos, tualetinis staliukas, naktinis staliukas, kavos staliukas ir televizoriaus staliukas. Spintel\u0117 pristatoma supakuota su ai\u0161kiomis surinkimo instrukcijomis. Spintel\u0119 taip pat galima \u012fsigyti su auksiniu pagrindu ir kojel\u0117mis.<\/p>","protected":false},"excerpt":{"rendered":"<p>Plotis: 154 cm<br \/>\nGylis: 39 cm<br \/>\nAuk\u0161tis: 84 cm<br \/>\nBald\u0173 spalva: tamsiai m\u0117lyna\/juoda<\/p>","protected":false},"featured_media":173991,"comment_status":"open","ping_status":"open","template":"","meta":[],"product_brand":[],"product_cat":[9566,1173,4635],"product_tag":[],"class_list":{"0":"post-173990","1":"product","2":"type-product","3":"status-publish","4":"has-post-thumbnail","6":"product_cat-furniture-system-mono-piaski","7":"product_cat-chests-of-drawers","8":"product_cat-piaski","10":"first","11":"instock","12":"purchasable","13":"product-type-simple"},"_links":{"self":[{"href":"https:\/\/baldumarket.lt\/lt\/wp-json\/wp\/v2\/product\/173990","targetHints":{"allow":["GET"]}}],"collection":[{"href":"https:\/\/baldumarket.lt\/lt\/wp-json\/wp\/v2\/product"}],"about":[{"href":"https:\/\/baldumarket.lt\/lt\/wp-json\/wp\/v2\/types\/product"}],"replies":[{"embeddable":true,"href":"https:\/\/baldumarket.lt\/lt\/wp-json\/wp\/v2\/comments?post=173990"}],"wp:featuredmedia":[{"embeddable":true,"href":"https:\/\/baldumarket.lt\/lt\/wp-json\/wp\/v2\/media\/173991"}],"wp:attachment":[{"href":"https:\/\/baldumarket.lt\/lt\/wp-json\/wp\/v2\/media?parent=173990"}],"wp:term":[{"taxonomy":"product_brand","embeddable":true,"href":"https:\/\/baldumarket.lt\/lt\/wp-json\/wp\/v2\/product_brand?post=173990"},{"taxonomy":"product_cat","embeddable":true,"href":"https:\/\/baldumarket.lt\/lt\/wp-json\/wp\/v2\/product_cat?post=173990"},{"taxonomy":"product_tag","embeddable":true,"href":"https:\/\/baldumarket.lt\/lt\/wp-json\/wp\/v2\/product_tag?post=173990"}],"curies":[{"name":"wp","href":"https:\/\/api.w.org\/{rel}","templated":true}]}}