{"id":173966,"date":"2025-12-20T12:27:41","date_gmt":"2025-12-20T09:27:41","guid":{"rendered":"https:\/\/baldumarket.lt\/product\/komoda-mono-mksz104-drzwi-szuflady-granatowa-zlota-rama\/"},"modified":"2026-04-05T15:32:58","modified_gmt":"2026-04-05T12:32:58","slug":"komoda-mono-mksz104-drzwi-szuflady-granatowa-zlota-rama","status":"publish","type":"product","link":"https:\/\/baldumarket.lt\/lt\/product\/komoda-mono-mksz104-drzwi-szuflady-granatowa-zlota-rama\/","title":{"rendered":"Mono MKSZ104 komoda, durel\u0117mis, stal\u010diais, tamsiai m\u0117lyna \/ auksiniu r\u0117mu"},"content":{"rendered":"<p>Komoda \u201eMono MKSZ104\u201c \u2013 puikus pasirinkimas \u0161iuolaiki\u0161koms svetain\u0117ms ir darbo erdv\u0117ms. Bald\u0173 fasadai ir korpusas pasi\u017eymi matin\u0117s tamsiai m\u0117lynos spalvos deriniu, o pagrindas \u2013 aukso spalvos. Spintel\u0117 turi dvejas varstomas duris ir du erdvius stal\u010dius. Spintel\u0117s fasadus puo\u0161ia presti\u017ein\u0117s auksin\u0117s ranken\u0117l\u0117s, pabr\u0117\u017eian\u010dios komplekto charakter\u012f. Komoda pagaminta i\u0161 laminuotos baldin\u0117s plok\u0161t\u0117s, kuri yra atsparesn\u0117 \u012fbr\u0117\u017eimams. Auk\u0161tos spintel\u0117s kojel\u0117s leid\u017eia naudoti valymo robotus. Spintel\u0117 priklauso to paties pavadinimo bald\u0173 linijai, kuri\u0105 sudaro komodos, tualetinis staliukas, naktinis staliukas, kavos staliukas ir televizoriaus staliukas. Baldai pristatomi supakuoti su ai\u0161kiomis surinkimo instrukcijomis. Juos taip pat galima \u012fsigyti su juodu r\u0117mu.<\/p>","protected":false},"excerpt":{"rendered":"<p>Plotis: 104 cm<br \/>\nGylis: 39 cm<br \/>\nAuk\u0161tis: 84 cm<br \/>\nBald\u0173 spalva: tamsiai m\u0117lyna\/auksin\u0117<\/p>","protected":false},"featured_media":173967,"comment_status":"open","ping_status":"open","template":"","meta":[],"product_brand":[],"product_cat":[9566,1173,4635],"product_tag":[],"class_list":{"0":"post-173966","1":"product","2":"type-product","3":"status-publish","4":"has-post-thumbnail","6":"product_cat-furniture-system-mono-piaski","7":"product_cat-chests-of-drawers","8":"product_cat-piaski","10":"first","11":"instock","12":"purchasable","13":"product-type-simple"},"_links":{"self":[{"href":"https:\/\/baldumarket.lt\/lt\/wp-json\/wp\/v2\/product\/173966","targetHints":{"allow":["GET"]}}],"collection":[{"href":"https:\/\/baldumarket.lt\/lt\/wp-json\/wp\/v2\/product"}],"about":[{"href":"https:\/\/baldumarket.lt\/lt\/wp-json\/wp\/v2\/types\/product"}],"replies":[{"embeddable":true,"href":"https:\/\/baldumarket.lt\/lt\/wp-json\/wp\/v2\/comments?post=173966"}],"wp:featuredmedia":[{"embeddable":true,"href":"https:\/\/baldumarket.lt\/lt\/wp-json\/wp\/v2\/media\/173967"}],"wp:attachment":[{"href":"https:\/\/baldumarket.lt\/lt\/wp-json\/wp\/v2\/media?parent=173966"}],"wp:term":[{"taxonomy":"product_brand","embeddable":true,"href":"https:\/\/baldumarket.lt\/lt\/wp-json\/wp\/v2\/product_brand?post=173966"},{"taxonomy":"product_cat","embeddable":true,"href":"https:\/\/baldumarket.lt\/lt\/wp-json\/wp\/v2\/product_cat?post=173966"},{"taxonomy":"product_tag","embeddable":true,"href":"https:\/\/baldumarket.lt\/lt\/wp-json\/wp\/v2\/product_tag?post=173966"}],"curies":[{"name":"wp","href":"https:\/\/api.w.org\/{rel}","templated":true}]}}