{"id":173958,"date":"2025-12-20T12:27:32","date_gmt":"2025-12-20T09:27:32","guid":{"rendered":"https:\/\/baldumarket.lt\/product\/komoda-mono-mksz104-drzwi-szuflady-granatowa-czarna-rama\/"},"modified":"2026-04-05T15:32:58","modified_gmt":"2026-04-05T12:32:58","slug":"komoda-mono-mksz104-drzwi-szuflady-granatowa-czarna-rama","status":"publish","type":"product","link":"https:\/\/baldumarket.lt\/lt\/product\/komoda-mono-mksz104-drzwi-szuflady-granatowa-czarna-rama\/","title":{"rendered":"Mono MKSZ104 komoda, durel\u0117mis, stal\u010diais, tamsiai m\u0117lyna\/juoda r\u0117meliu"},"content":{"rendered":"<p>Komoda \u201eMono MKSZ104\u201c \u2013 puikus pasirinkimas \u0161iuolaiki\u0161koms svetain\u0117ms ir darbo erdv\u0117ms. Spintel\u0117s fasadai ir korpusas nuda\u017eyti matine tamsiai m\u0117lyna spalva, o pagrindas \u2013 juodas. Spintel\u0119 sudaro dvi erdvios spintel\u0117s su varstomomis durel\u0117mis ir du prakti\u0161ki stal\u010diai. Spinteli\u0173 fasadai papuo\u0161ti presti\u017ein\u0117mis auksin\u0117mis ranken\u0117l\u0117mis, pabr\u0117\u017eian\u010diomis komplekto charakter\u012f. Spintel\u0117 pagaminta i\u0161 laminuotos baldin\u0117s plok\u0161t\u0117s, kuri yra atsparesn\u0117 \u012fbr\u0117\u017eimams. Auk\u0161tos kojel\u0117s leid\u017eia naudoti valymo robotus. Spintel\u0117 priklauso to paties pavadinimo bald\u0173 linijai, kuri\u0105 sudaro komodos, tualetinis staliukas, naktinis staliukas, kavos staliukas ir televizoriaus staliukas. Spintel\u0117 pristatoma supakuota su lengvai suprantamomis surinkimo instrukcijomis. J\u0105 taip pat galima \u012fsigyti su auksiniu pagrindu ir kojel\u0117mis.<\/p>","protected":false},"excerpt":{"rendered":"<p>Plotis: 104 cm<br \/>\nGylis: 39 cm<br \/>\nAuk\u0161tis: 84 cm<br \/>\nBald\u0173 spalva: tamsiai m\u0117lyna\/juoda<\/p>","protected":false},"featured_media":173959,"comment_status":"open","ping_status":"open","template":"","meta":[],"product_brand":[],"product_cat":[9566,1173,4635],"product_tag":[],"class_list":{"0":"post-173958","1":"product","2":"type-product","3":"status-publish","4":"has-post-thumbnail","6":"product_cat-furniture-system-mono-piaski","7":"product_cat-chests-of-drawers","8":"product_cat-piaski","10":"first","11":"instock","12":"purchasable","13":"product-type-simple"},"_links":{"self":[{"href":"https:\/\/baldumarket.lt\/lt\/wp-json\/wp\/v2\/product\/173958","targetHints":{"allow":["GET"]}}],"collection":[{"href":"https:\/\/baldumarket.lt\/lt\/wp-json\/wp\/v2\/product"}],"about":[{"href":"https:\/\/baldumarket.lt\/lt\/wp-json\/wp\/v2\/types\/product"}],"replies":[{"embeddable":true,"href":"https:\/\/baldumarket.lt\/lt\/wp-json\/wp\/v2\/comments?post=173958"}],"wp:featuredmedia":[{"embeddable":true,"href":"https:\/\/baldumarket.lt\/lt\/wp-json\/wp\/v2\/media\/173959"}],"wp:attachment":[{"href":"https:\/\/baldumarket.lt\/lt\/wp-json\/wp\/v2\/media?parent=173958"}],"wp:term":[{"taxonomy":"product_brand","embeddable":true,"href":"https:\/\/baldumarket.lt\/lt\/wp-json\/wp\/v2\/product_brand?post=173958"},{"taxonomy":"product_cat","embeddable":true,"href":"https:\/\/baldumarket.lt\/lt\/wp-json\/wp\/v2\/product_cat?post=173958"},{"taxonomy":"product_tag","embeddable":true,"href":"https:\/\/baldumarket.lt\/lt\/wp-json\/wp\/v2\/product_tag?post=173958"}],"curies":[{"name":"wp","href":"https:\/\/api.w.org\/{rel}","templated":true}]}}