{"id":173950,"date":"2025-12-20T12:27:23","date_gmt":"2025-12-20T09:27:23","guid":{"rendered":"https:\/\/baldumarket.lt\/product\/komoda-mono-mksz104-drzwi-szuflady-bez-piaskowy-zlota-rama\/"},"modified":"2026-04-05T15:32:58","modified_gmt":"2026-04-05T12:32:58","slug":"komoda-mono-mksz104-drzwi-szuflady-bez-piaskowy-zlota-rama","status":"publish","type":"product","link":"https:\/\/baldumarket.lt\/lt\/product\/komoda-mono-mksz104-drzwi-szuflady-bez-piaskowy-zlota-rama\/","title":{"rendered":"Mono MKSZ104 komoda, durel\u0117s, stal\u010diai, sm\u0117lio spalvos \/ auksiniu r\u0117mu"},"content":{"rendered":"<p>Eleganti\u0161ka \u201eMono MKSZ104\u201c komoda puikiai tinka \u0161iuolaiki\u0161koms svetain\u0117ms ir poilsio kambariams. Bald\u0173 fasadai ir korpusas yra sm\u0117lio spalvos apdailos, o aukso spalvos pagrindas \u2013 puikus. Spintel\u0117 turi dvejas varstomas duris ir du erdvius stal\u010dius. Spinteli\u0173 fasadai papuo\u0161ti presti\u017ein\u0117mis auksin\u0117mis ranken\u0117l\u0117mis, kurios pabr\u0117\u017eia komplekto charakter\u012f. Komoda pagaminta i\u0161 laminuotos bald\u0173 plok\u0161t\u0117s, kuri yra atsparesn\u0117 \u012fbr\u0117\u017eimams. Auk\u0161tos kojel\u0117s leid\u017eia naudoti valymo robotus. Spintel\u0117 priklauso to paties pavadinimo bald\u0173 linijai, kuri\u0105 sudaro komodos, tualetinis staliukas, naktinis staliukas, kavos staliukas ir televizoriaus staliukas. Baldai pristatomi supakuoti su lengvai suprantamomis surinkimo instrukcijomis. Jie taip pat gali b\u016bti su juodu r\u0117mu.<\/p>","protected":false},"excerpt":{"rendered":"<p>Plotis: 104 cm<br \/>\nGylis: 39 cm<br \/>\nAuk\u0161tis: 84 cm<br \/>\nBald\u0173 spalva: sm\u0117lio\/auksin\u0117<\/p>","protected":false},"featured_media":173951,"comment_status":"open","ping_status":"open","template":"","meta":[],"product_brand":[],"product_cat":[9566,1173,4635],"product_tag":[],"class_list":{"0":"post-173950","1":"product","2":"type-product","3":"status-publish","4":"has-post-thumbnail","6":"product_cat-furniture-system-mono-piaski","7":"product_cat-chests-of-drawers","8":"product_cat-piaski","10":"first","11":"instock","12":"purchasable","13":"product-type-simple"},"_links":{"self":[{"href":"https:\/\/baldumarket.lt\/lt\/wp-json\/wp\/v2\/product\/173950","targetHints":{"allow":["GET"]}}],"collection":[{"href":"https:\/\/baldumarket.lt\/lt\/wp-json\/wp\/v2\/product"}],"about":[{"href":"https:\/\/baldumarket.lt\/lt\/wp-json\/wp\/v2\/types\/product"}],"replies":[{"embeddable":true,"href":"https:\/\/baldumarket.lt\/lt\/wp-json\/wp\/v2\/comments?post=173950"}],"wp:featuredmedia":[{"embeddable":true,"href":"https:\/\/baldumarket.lt\/lt\/wp-json\/wp\/v2\/media\/173951"}],"wp:attachment":[{"href":"https:\/\/baldumarket.lt\/lt\/wp-json\/wp\/v2\/media?parent=173950"}],"wp:term":[{"taxonomy":"product_brand","embeddable":true,"href":"https:\/\/baldumarket.lt\/lt\/wp-json\/wp\/v2\/product_brand?post=173950"},{"taxonomy":"product_cat","embeddable":true,"href":"https:\/\/baldumarket.lt\/lt\/wp-json\/wp\/v2\/product_cat?post=173950"},{"taxonomy":"product_tag","embeddable":true,"href":"https:\/\/baldumarket.lt\/lt\/wp-json\/wp\/v2\/product_tag?post=173950"}],"curies":[{"name":"wp","href":"https:\/\/api.w.org\/{rel}","templated":true}]}}