{"id":173934,"date":"2025-12-20T12:27:04","date_gmt":"2025-12-20T09:27:04","guid":{"rendered":"https:\/\/baldumarket.lt\/product\/komoda-mono-mks154-szuflady-granatowa-czarna-rama\/"},"modified":"2026-04-05T15:32:58","modified_gmt":"2026-04-05T12:32:58","slug":"komoda-mono-mks154-szuflady-granatowa-czarna-rama","status":"publish","type":"product","link":"https:\/\/baldumarket.lt\/lt\/product\/komoda-mono-mks154-szuflady-granatowa-czarna-rama\/","title":{"rendered":"Mono MKS154 komoda, tamsiai m\u0117lyna\/juodas r\u0117mas"},"content":{"rendered":"<p>Didel\u0117 ir i\u0161skirtinio gro\u017eio \u201eMono MKS154\u201c komoda \u017eavi eleganti\u0161ku modernumu. Komplektas puikiai der\u0117s tiek prie \u0161iuolaikinio, tiek prie klasikinio interjero. Jis pasi\u017eymi matine tamsiai m\u0117lyna apdaila ir juodu r\u0117mu. Spinteli\u0173 fasadai papuo\u0161ti presti\u017ein\u0117mis auksin\u0117mis ranken\u0117l\u0117mis, kurios pabr\u0117\u017eia komplekto charakter\u012f. Spintel\u0117 pagaminta i\u0161 laminuotos baldin\u0117s plok\u0161t\u0117s, kuri yra atsparesn\u0117 \u012fbr\u0117\u017eimams. Komoda priklauso to paties pavadinimo kolekcijai, kuri\u0105 sudaro komodos, tualetinis staliukas, naktinis staliukas, kavos staliukas ir televizoriaus staliukas. Baldai pristatomi i\u0161ardyti su ai\u0161kiomis surinkimo instrukcijomis. Taip pat galima \u012fsigyti versij\u0105 su auksiniu r\u0117mu.<\/p>","protected":false},"excerpt":{"rendered":"<p>Plotis: 154 cm<br \/>\nGylis: 39 cm<br \/>\nAuk\u0161tis: 89 cm<br \/>\nBald\u0173 spalva: tamsiai m\u0117lyna\/juoda<\/p>","protected":false},"featured_media":173935,"comment_status":"open","ping_status":"open","template":"","meta":[],"product_brand":[],"product_cat":[9566,1173,4635],"product_tag":[],"class_list":{"0":"post-173934","1":"product","2":"type-product","3":"status-publish","4":"has-post-thumbnail","6":"product_cat-furniture-system-mono-piaski","7":"product_cat-chests-of-drawers","8":"product_cat-piaski","10":"first","11":"instock","12":"purchasable","13":"product-type-simple"},"_links":{"self":[{"href":"https:\/\/baldumarket.lt\/lt\/wp-json\/wp\/v2\/product\/173934","targetHints":{"allow":["GET"]}}],"collection":[{"href":"https:\/\/baldumarket.lt\/lt\/wp-json\/wp\/v2\/product"}],"about":[{"href":"https:\/\/baldumarket.lt\/lt\/wp-json\/wp\/v2\/types\/product"}],"replies":[{"embeddable":true,"href":"https:\/\/baldumarket.lt\/lt\/wp-json\/wp\/v2\/comments?post=173934"}],"wp:featuredmedia":[{"embeddable":true,"href":"https:\/\/baldumarket.lt\/lt\/wp-json\/wp\/v2\/media\/173935"}],"wp:attachment":[{"href":"https:\/\/baldumarket.lt\/lt\/wp-json\/wp\/v2\/media?parent=173934"}],"wp:term":[{"taxonomy":"product_brand","embeddable":true,"href":"https:\/\/baldumarket.lt\/lt\/wp-json\/wp\/v2\/product_brand?post=173934"},{"taxonomy":"product_cat","embeddable":true,"href":"https:\/\/baldumarket.lt\/lt\/wp-json\/wp\/v2\/product_cat?post=173934"},{"taxonomy":"product_tag","embeddable":true,"href":"https:\/\/baldumarket.lt\/lt\/wp-json\/wp\/v2\/product_tag?post=173934"}],"curies":[{"name":"wp","href":"https:\/\/api.w.org\/{rel}","templated":true}]}}