{"id":173918,"date":"2025-12-20T12:26:45","date_gmt":"2025-12-20T09:26:45","guid":{"rendered":"https:\/\/baldumarket.lt\/product\/komoda-japandi-k-154-trzydrzwiowa-dab-linea-czarny\/"},"modified":"2026-04-05T16:08:00","modified_gmt":"2026-04-05T13:08:00","slug":"komoda-japandi-k-154-trzydrzwiowa-dab-linea-czarny","status":"publish","type":"product","link":"https:\/\/baldumarket.lt\/lt\/product\/komoda-japandi-k-154-trzydrzwiowa-dab-linea-czarny\/","title":{"rendered":"Japandi K-154 komoda, trij\u0173 dur\u0173, Linea \u0105\u017euolo\/juodos spalvos"},"content":{"rendered":"<p>Funkcionali \u201eJapandi K154\u201c komoda pasi\u017eymi varstomomis durel\u0117mis su patogiomis juodomis ranken\u0117l\u0117mis, u\u017e kuri\u0173 erdv\u0119 dalija horizontali lentyna. \u0160is erdvus baldas papuo\u0161tas dekoratyviniais, subtiliais frezavimo pavir\u0161iais. Juodos medin\u0117s kojel\u0117s yra komplekto apa\u010dioje, suteikian\u010dios lengvumo ir leid\u017eian\u010dios lengvai valyti apa\u010di\u0105. Komoda priklauso pla\u010diai to paties pavadinimo kolekcijai, leid\u017eian\u010diai kurti darnius dizainus stiliaus ir spalvos po\u017ei\u016briu. Spintel\u0117 pristatoma supakuota, kartu su ai\u0161kiomis instrukcijomis ir furnit\u016bra.<\/p>","protected":false},"excerpt":{"rendered":"<p>Plotis: 154 cm<br \/>\nGylis: 39 cm<br \/>\nAuk\u0161tis: 83 cm<br \/>\nBald\u0173 spalva: Linea \u0105\u017euolas\/juoda<\/p>","protected":false},"featured_media":173919,"comment_status":"open","ping_status":"open","template":"","meta":[],"product_brand":[],"product_cat":[9562,1173,4635],"product_tag":[],"class_list":{"0":"post-173918","1":"product","2":"type-product","3":"status-publish","4":"has-post-thumbnail","6":"product_cat-furniture-system-japandi-piaski","7":"product_cat-chests-of-drawers","8":"product_cat-piaski","10":"first","11":"instock","12":"purchasable","13":"product-type-simple"},"_links":{"self":[{"href":"https:\/\/baldumarket.lt\/lt\/wp-json\/wp\/v2\/product\/173918","targetHints":{"allow":["GET"]}}],"collection":[{"href":"https:\/\/baldumarket.lt\/lt\/wp-json\/wp\/v2\/product"}],"about":[{"href":"https:\/\/baldumarket.lt\/lt\/wp-json\/wp\/v2\/types\/product"}],"replies":[{"embeddable":true,"href":"https:\/\/baldumarket.lt\/lt\/wp-json\/wp\/v2\/comments?post=173918"}],"wp:featuredmedia":[{"embeddable":true,"href":"https:\/\/baldumarket.lt\/lt\/wp-json\/wp\/v2\/media\/173919"}],"wp:attachment":[{"href":"https:\/\/baldumarket.lt\/lt\/wp-json\/wp\/v2\/media?parent=173918"}],"wp:term":[{"taxonomy":"product_brand","embeddable":true,"href":"https:\/\/baldumarket.lt\/lt\/wp-json\/wp\/v2\/product_brand?post=173918"},{"taxonomy":"product_cat","embeddable":true,"href":"https:\/\/baldumarket.lt\/lt\/wp-json\/wp\/v2\/product_cat?post=173918"},{"taxonomy":"product_tag","embeddable":true,"href":"https:\/\/baldumarket.lt\/lt\/wp-json\/wp\/v2\/product_tag?post=173918"}],"curies":[{"name":"wp","href":"https:\/\/api.w.org\/{rel}","templated":true}]}}