{"id":173894,"date":"2025-12-20T12:26:17","date_gmt":"2025-12-20T09:26:17","guid":{"rendered":"https:\/\/baldumarket.lt\/product\/komoda-japandi-k-104-dwudrzwiowa-cashmere\/"},"modified":"2026-04-05T16:08:00","modified_gmt":"2026-04-05T13:08:00","slug":"komoda-japandi-k-104-dwudrzwiowa-cashmere","status":"publish","type":"product","link":"https:\/\/baldumarket.lt\/lt\/product\/komoda-japandi-k-104-dwudrzwiowa-cashmere\/","title":{"rendered":"Japandi K-104 komoda, dviej\u0173 dur\u0173, ka\u0161myro spalvos"},"content":{"rendered":"<p>Dviej\u0173 dur\u0173 komoda \u201eJapandi K-104 Cashmere\u201c i\u0161siskiria minimalistiniu dizainu, kur\u012f pary\u0161kina dekoratyviniai fasad\u0173 frezavimai. U\u017e varstom\u0173 dureli\u0173 slypi daug vietos smulkiems daiktams susid\u0117ti. Juodos ranken\u0117l\u0117s ir auk\u0161tos juodos kojel\u0117s suteikia bendram dizainui jausmingo lengvumo. Baldas yra \u012fvairi\u0173 spalv\u0173 ir j\u012f reikia surinkti patiems.<\/p>","protected":false},"excerpt":{"rendered":"<p>Plotis: 104 cm<br \/>\nGylis: 39 cm<br \/>\nAuk\u0161tis: 83 cm<br \/>\nBald\u0173 spalva: Ka\u0161myras<\/p>","protected":false},"featured_media":173895,"comment_status":"open","ping_status":"open","template":"","meta":[],"product_brand":[],"product_cat":[9562,1173,4635],"product_tag":[],"class_list":{"0":"post-173894","1":"product","2":"type-product","3":"status-publish","4":"has-post-thumbnail","6":"product_cat-furniture-system-japandi-piaski","7":"product_cat-chests-of-drawers","8":"product_cat-piaski","10":"first","11":"instock","12":"purchasable","13":"product-type-simple"},"_links":{"self":[{"href":"https:\/\/baldumarket.lt\/lt\/wp-json\/wp\/v2\/product\/173894","targetHints":{"allow":["GET"]}}],"collection":[{"href":"https:\/\/baldumarket.lt\/lt\/wp-json\/wp\/v2\/product"}],"about":[{"href":"https:\/\/baldumarket.lt\/lt\/wp-json\/wp\/v2\/types\/product"}],"replies":[{"embeddable":true,"href":"https:\/\/baldumarket.lt\/lt\/wp-json\/wp\/v2\/comments?post=173894"}],"wp:featuredmedia":[{"embeddable":true,"href":"https:\/\/baldumarket.lt\/lt\/wp-json\/wp\/v2\/media\/173895"}],"wp:attachment":[{"href":"https:\/\/baldumarket.lt\/lt\/wp-json\/wp\/v2\/media?parent=173894"}],"wp:term":[{"taxonomy":"product_brand","embeddable":true,"href":"https:\/\/baldumarket.lt\/lt\/wp-json\/wp\/v2\/product_brand?post=173894"},{"taxonomy":"product_cat","embeddable":true,"href":"https:\/\/baldumarket.lt\/lt\/wp-json\/wp\/v2\/product_cat?post=173894"},{"taxonomy":"product_tag","embeddable":true,"href":"https:\/\/baldumarket.lt\/lt\/wp-json\/wp\/v2\/product_tag?post=173894"}],"curies":[{"name":"wp","href":"https:\/\/api.w.org\/{rel}","templated":true}]}}