{"id":173886,"date":"2025-12-20T12:26:07","date_gmt":"2025-12-20T09:26:07","guid":{"rendered":"https:\/\/baldumarket.lt\/product\/komoda-harmony-ksz97-drzwi-szuflady-czarny-grafit-marmur-black-royal\/"},"modified":"2026-04-05T16:08:00","modified_gmt":"2026-04-05T13:08:00","slug":"komoda-harmony-ksz97-drzwi-szuflady-czarny-grafit-marmur-black-royal","status":"publish","type":"product","link":"https:\/\/baldumarket.lt\/lt\/product\/komoda-harmony-ksz97-drzwi-szuflady-czarny-grafit-marmur-black-royal\/","title":{"rendered":"Harmony KSZ97 komoda, durel\u0117s, juodo grafito\/juodo karali\u0161kojo marmuro"},"content":{"rendered":"<p>Unikali \u201eHarmony KSZ97\u201c komoda \u017eavi savo spalv\u0173 gama ir moderniu dizainu. Baldas stovi ant auk\u0161t\u0173 (20 cm) auksini\u0173 kojeli\u0173, kurios pabr\u0117\u017eia jo presti\u017ein\u012f charakter\u012f. Komplekte yra varstomos durys, u\u017e kuri\u0173 erdv\u0119 dalija horizontali lentyna ir trys erdv\u016bs stal\u010diai. Spintel\u0117 pagaminta i\u0161 laminuotos baldin\u0117s plok\u0161t\u0117s, pasi\u017eymin\u010dios padidintu atsparumu \u012fbr\u0117\u017eimams. Komoda yra to paties pavadinimo komplekto, kur\u012f sudaro komodos, vitrina, kavos staliukas ir televizoriaus staliukas, dalis. Baldai pristatomi i\u0161ardyti su ai\u0161kiomis surinkimo instrukcijomis.<\/p>","protected":false},"excerpt":{"rendered":"<p>Plotis: 97 cm<br \/>\nGylis: 37 cm<br \/>\nAuk\u0161tis: 83 cm<br \/>\nBald\u0173 spalva: Grafito juoda \/ Karali\u0161kasis juodas marmuras<\/p>","protected":false},"featured_media":173887,"comment_status":"open","ping_status":"open","template":"","meta":[],"product_brand":[],"product_cat":[9561,1173,4635],"product_tag":[],"class_list":{"0":"post-173886","1":"product","2":"type-product","3":"status-publish","4":"has-post-thumbnail","6":"product_cat-furniture-system-harmony-piaski","7":"product_cat-chests-of-drawers","8":"product_cat-piaski","10":"first","11":"instock","12":"purchasable","13":"product-type-simple"},"_links":{"self":[{"href":"https:\/\/baldumarket.lt\/lt\/wp-json\/wp\/v2\/product\/173886","targetHints":{"allow":["GET"]}}],"collection":[{"href":"https:\/\/baldumarket.lt\/lt\/wp-json\/wp\/v2\/product"}],"about":[{"href":"https:\/\/baldumarket.lt\/lt\/wp-json\/wp\/v2\/types\/product"}],"replies":[{"embeddable":true,"href":"https:\/\/baldumarket.lt\/lt\/wp-json\/wp\/v2\/comments?post=173886"}],"wp:featuredmedia":[{"embeddable":true,"href":"https:\/\/baldumarket.lt\/lt\/wp-json\/wp\/v2\/media\/173887"}],"wp:attachment":[{"href":"https:\/\/baldumarket.lt\/lt\/wp-json\/wp\/v2\/media?parent=173886"}],"wp:term":[{"taxonomy":"product_brand","embeddable":true,"href":"https:\/\/baldumarket.lt\/lt\/wp-json\/wp\/v2\/product_brand?post=173886"},{"taxonomy":"product_cat","embeddable":true,"href":"https:\/\/baldumarket.lt\/lt\/wp-json\/wp\/v2\/product_cat?post=173886"},{"taxonomy":"product_tag","embeddable":true,"href":"https:\/\/baldumarket.lt\/lt\/wp-json\/wp\/v2\/product_tag?post=173886"}],"curies":[{"name":"wp","href":"https:\/\/api.w.org\/{rel}","templated":true}]}}